{"id":1382,"date":"2025-08-07T18:14:21","date_gmt":"2025-08-07T17:14:21","guid":{"rendered":"https:\/\/skirentsestriere.com\/?page_id=1382"},"modified":"2025-12-01T11:08:21","modified_gmt":"2025-12-01T10:08:21","slug":"contacts","status":"publish","type":"page","link":"https:\/\/skirentsestriere.com\/fr\/contacts\/","title":{"rendered":"Contacts"},"content":{"rendered":"\n<h1 class=\"wp-block-heading has-text-align-center\" style=\"margin-top:var(--wp--preset--spacing--50);margin-bottom:var(--wp--preset--spacing--50)\">Comment nous contacter<\/h1>\n\n\n\n<div class=\"wp-block-columns is-layout-flex wp-container-core-columns-is-layout-f1061711 wp-block-columns-is-layout-flex\" style=\"padding-right:var(--wp--preset--spacing--20);padding-left:var(--wp--preset--spacing--20)\">\n<div class=\"wp-block-column has-border-color has-accent-1-border-color has-global-padding is-layout-constrained wp-container-core-column-is-layout-abcee004 wp-block-column-is-layout-constrained\" style=\"border-width:3px;padding-right:var(--wp--preset--spacing--20);padding-left:var(--wp--preset--spacing--20)\">\n<h2 class=\"wp-block-heading has-text-align-center has-accent-1-color has-text-color has-link-color wp-elements-603d750a5f701c771c52ce1173ed5ba1\" style=\"margin-top:var(--wp--preset--spacing--20);margin-bottom:var(--wp--preset--spacing--20)\">Appelez-nous<\/h2>\n\n\n\n<div class=\"wp-block-group is-content-justification-center is-nowrap is-layout-flex wp-container-core-group-is-layout-9817af40 wp-block-group-is-layout-flex\" style=\"padding-right:0;padding-left:0\">\n<i class=\"fa-solid fa-phone\"><\/i>\n\n\n\n<p><strong>&nbsp;<\/strong><a href=\"tel:39012276149\" target=\"_blank\" rel=\"noreferrer noopener\">+39012276149<\/a><\/p>\n<\/div>\n\n\n\n<div class=\"wp-block-group is-content-justification-center is-nowrap is-layout-flex wp-container-core-group-is-layout-b13e5fbc wp-block-group-is-layout-flex\" style=\"padding-top:var(--wp--preset--spacing--20)\">\n<i class=\"fa-solid fa-mobile\"><\/i>\n\n\n\n<p><strong>&nbsp;<\/strong><a href=\"tel:39012276149\" target=\"_blank\" rel=\"noreferrer noopener\">+393461880756<\/a><\/p>\n<\/div>\n<\/div>\n\n\n\n<div class=\"wp-block-column has-border-color has-accent-2-border-color has-global-padding is-layout-constrained wp-container-core-column-is-layout-c9115f92 wp-block-column-is-layout-constrained\" style=\"border-width:3px;padding-right:var(--wp--preset--spacing--20);padding-left:var(--wp--preset--spacing--20)\">\n<h2 class=\"wp-block-heading has-text-align-center has-accent-2-color has-text-color has-link-color wp-elements-25fe94970fe2d8dc4967663d8f52c89a\" style=\"margin-top:var(--wp--preset--spacing--20);margin-right:0;margin-bottom:var(--wp--preset--spacing--20);margin-left:0\">\u00c9crivez-nous<\/h2>\n\n\n\n<div class=\"wp-block-group is-content-justification-center is-nowrap is-layout-flex wp-container-core-group-is-layout-23441af8 wp-block-group-is-layout-flex\">\n<i class=\"fa-solid fa-envelope\"><\/i>\n\n\n\n<p><strong>&nbsp;<\/strong><a href=\"mailto:skirentsestriere@gmail.com\">skirentsestriere@gmail.com<\/a><\/p>\n<\/div>\n<\/div>\n<\/div>\n\n\n\n<div class=\"bicolour-line\"><\/div>\n\n\n\n<h1 class=\"wp-block-heading has-text-align-center\" style=\"margin-top:var(--wp--preset--spacing--50);margin-bottom:var(--wp--preset--spacing--50)\">O\u00f9 nous sommes<\/h1>\n\n\n\n<div class=\"mappa\"><iframe loading=\"lazy\" src=\"https:\/\/www.google.com\/maps\/embed?pb=!1m18!1m12!1m3!1d2823.329955598692!2d6.8790595655405244!3d44.95728752909824!2m3!1f0!2f0!3f0!3m2!1i1024!2i768!4f13.1!3m3!1m2!1s0x4789c577d6dcf42b%3A0x272c8c8e063218a2!2sAda+Rent+Ski!5e0!3m2!1sit!2sit!4v1543323868132\" width=\"600\" height=\"auto\" frameborder=\"0\" style=\"border:0\" allowfullscreen><\/iframe><\/div>\n\n\n\n<h3 class=\"wp-block-heading has-text-align-center has-accent-1-color has-text-color has-link-color wp-elements-622e9ac026b9bf4214cede9e28a04e39\"><strong>Notre location est con\u00e7ue pour votre confort : entr\u00e9e de plain-pied et sortie directement sur la neige.<\/strong><\/h3>\n\n\n\n<div class=\"wp-block-columns is-style-default is-layout-flex wp-container-core-columns-is-layout-cb40aab8 wp-block-columns-is-layout-flex\" style=\"padding-right:0;padding-left:0\">\n<div class=\"wp-block-column is-vertically-aligned-center has-global-padding is-layout-constrained wp-block-column-is-layout-constrained\">\n<div class=\"wp-block-group is-content-justification-center is-nowrap is-layout-flex wp-container-core-group-is-layout-842ef38d wp-block-group-is-layout-flex\" style=\"border-width:3px;padding-top:var(--wp--preset--spacing--20);padding-right:var(--wp--preset--spacing--20);padding-bottom:var(--wp--preset--spacing--20);padding-left:var(--wp--preset--spacing--20)\">\n<p>L&rsquo;entr\u00e9e se fait par le Piazzale Kandaha  o\u00f9 vous pouvez garer votre voiture mais elle est \u00e9galement proche de l&rsquo;arr\u00eat de bus.<\/p>\n\n\n\n<figure class=\"wp-block-image size-large\"><img loading=\"lazy\" decoding=\"async\" width=\"1024\" height=\"683\" src=\"https:\/\/skirentsestriere.com\/wp-content\/uploads\/2025\/08\/Deposito_lato_posteggio-1024x683.jpg\" alt=\"\" class=\"wp-image-515\" srcset=\"https:\/\/skirentsestriere.com\/wp-content\/uploads\/2025\/08\/Deposito_lato_posteggio-1024x683.jpg 1024w, https:\/\/skirentsestriere.com\/wp-content\/uploads\/2025\/08\/Deposito_lato_posteggio-300x200.jpg 300w, https:\/\/skirentsestriere.com\/wp-content\/uploads\/2025\/08\/Deposito_lato_posteggio-768x512.jpg 768w, https:\/\/skirentsestriere.com\/wp-content\/uploads\/2025\/08\/Deposito_lato_posteggio-600x400.jpg 600w, https:\/\/skirentsestriere.com\/wp-content\/uploads\/2025\/08\/Deposito_lato_posteggio.jpg 1200w\" sizes=\"auto, (max-width: 1024px) 100vw, 1024px\" \/><\/figure>\n<\/div>\n<\/div>\n\n\n\n<div class=\"wp-block-column has-global-padding is-layout-constrained wp-block-column-is-layout-constrained\">\n<div class=\"wp-block-group is-content-justification-center is-nowrap is-layout-flex wp-container-core-group-is-layout-842ef38d wp-block-group-is-layout-flex\" style=\"border-width:3px;padding-top:var(--wp--preset--spacing--20);padding-right:var(--wp--preset--spacing--20);padding-bottom:var(--wp--preset--spacing--20);padding-left:var(--wp--preset--spacing--20)\">\n<figure class=\"wp-block-image size-large\"><img loading=\"lazy\" decoding=\"async\" width=\"1024\" height=\"683\" src=\"https:\/\/skirentsestriere.com\/wp-content\/uploads\/2025\/08\/Deposito_lato_impianti-1024x683.jpg\" alt=\"\" class=\"wp-image-518\" srcset=\"https:\/\/skirentsestriere.com\/wp-content\/uploads\/2025\/08\/Deposito_lato_impianti-1024x683.jpg 1024w, https:\/\/skirentsestriere.com\/wp-content\/uploads\/2025\/08\/Deposito_lato_impianti-300x200.jpg 300w, https:\/\/skirentsestriere.com\/wp-content\/uploads\/2025\/08\/Deposito_lato_impianti-768x512.jpg 768w, https:\/\/skirentsestriere.com\/wp-content\/uploads\/2025\/08\/Deposito_lato_impianti-600x400.jpg 600w, https:\/\/skirentsestriere.com\/wp-content\/uploads\/2025\/08\/Deposito_lato_impianti.jpg 1200w\" sizes=\"auto, (max-width: 1024px) 100vw, 1024px\" \/><\/figure>\n\n\n\n<p>R\u00e9cup\u00e9rez votre mat\u00e9riel et, skis aux pieds, vous serez \u00e0 quelques m\u00e8tres des remont\u00e9es m\u00e9caniques et de l&rsquo;\u00e9cole de ski.<\/p>\n<\/div>\n<\/div>\n<\/div>\n","protected":false},"excerpt":{"rendered":"<p>Comment nous contacter Appelez-nous &nbsp;+39012276149 &nbsp;+393461880756 \u00c9crivez-nous &nbsp;skirentsestriere@gmail.com O\u00f9 nous sommes Notre location est con\u00e7ue pour votre confort : entr\u00e9e de plain-pied et sortie directement sur la neige. L&rsquo;entr\u00e9e se fait par le Piazzale Kandaha o\u00f9 vous pouvez garer votre voiture mais elle est \u00e9galement proche de l&rsquo;arr\u00eat de bus. R\u00e9cup\u00e9rez votre mat\u00e9riel et, skis [&hellip;]<\/p>\n","protected":false},"author":2,"featured_media":0,"parent":0,"menu_order":0,"comment_status":"closed","ping_status":"closed","template":"page-no-title","meta":{"footnotes":""},"class_list":["post-1382","page","type-page","status-publish","hentry"],"yoast_head":"<!-- This site is optimized with the Yoast SEO plugin v27.4 - https:\/\/yoast.com\/product\/yoast-seo-wordpress\/ -->\n<title>Contacts - Location de ski et de snowboard<\/title>\n<meta name=\"description\" content=\"D\u00e9p\u00f4t de ski directement sur la Piazzale Kandahar. R\u00e9cup\u00e9rez votre mat\u00e9riel et partez skis aux pieds sur les pistes enneig\u00e9es.\" \/>\n<meta name=\"robots\" content=\"index, follow, max-snippet:-1, max-image-preview:large, max-video-preview:-1\" \/>\n<link rel=\"canonical\" href=\"https:\/\/skirentsestriere.com\/fr\/contacts\/\" \/>\n<meta property=\"og:locale\" content=\"fr_FR\" \/>\n<meta property=\"og:type\" content=\"article\" \/>\n<meta property=\"og:title\" content=\"Contacts - Location de ski et de snowboard\" \/>\n<meta property=\"og:description\" content=\"D\u00e9p\u00f4t de ski directement sur la Piazzale Kandahar. R\u00e9cup\u00e9rez votre mat\u00e9riel et partez skis aux pieds sur les pistes enneig\u00e9es.\" \/>\n<meta property=\"og:url\" content=\"https:\/\/skirentsestriere.com\/fr\/contacts\/\" \/>\n<meta property=\"og:site_name\" content=\"Location de ski et de snowboard\" \/>\n<meta property=\"article:modified_time\" content=\"2025-12-01T10:08:21+00:00\" \/>\n<meta property=\"og:image\" content=\"https:\/\/skirentsestriere.com\/wp-content\/uploads\/2025\/08\/Deposito_lato_posteggio.jpg\" \/>\n\t<meta property=\"og:image:width\" content=\"1200\" \/>\n\t<meta property=\"og:image:height\" content=\"800\" \/>\n\t<meta property=\"og:image:type\" content=\"image\/jpeg\" \/>\n<meta name=\"twitter:card\" content=\"summary_large_image\" \/>\n<meta name=\"twitter:label1\" content=\"Dur\u00e9e de lecture estim\u00e9e\" \/>\n\t<meta name=\"twitter:data1\" content=\"1 minute\" \/>\n<script type=\"application\/ld+json\" class=\"yoast-schema-graph\">{\"@context\":\"https:\\\/\\\/schema.org\",\"@graph\":[{\"@type\":\"WebPage\",\"@id\":\"https:\\\/\\\/skirentsestriere.com\\\/fr\\\/contacts\\\/\",\"url\":\"https:\\\/\\\/skirentsestriere.com\\\/fr\\\/contacts\\\/\",\"name\":\"Contacts - Location de ski et de snowboard\",\"isPartOf\":{\"@id\":\"https:\\\/\\\/skirentsestriere.com\\\/#website\"},\"primaryImageOfPage\":{\"@id\":\"https:\\\/\\\/skirentsestriere.com\\\/fr\\\/contacts\\\/#primaryimage\"},\"image\":{\"@id\":\"https:\\\/\\\/skirentsestriere.com\\\/fr\\\/contacts\\\/#primaryimage\"},\"thumbnailUrl\":\"https:\\\/\\\/skirentsestriere.com\\\/wp-content\\\/uploads\\\/2025\\\/08\\\/Deposito_lato_posteggio-1024x683.jpg\",\"datePublished\":\"2025-08-07T17:14:21+00:00\",\"dateModified\":\"2025-12-01T10:08:21+00:00\",\"description\":\"D\u00e9p\u00f4t de ski directement sur la Piazzale Kandahar. R\u00e9cup\u00e9rez votre mat\u00e9riel et partez skis aux pieds sur les pistes enneig\u00e9es.\",\"breadcrumb\":{\"@id\":\"https:\\\/\\\/skirentsestriere.com\\\/fr\\\/contacts\\\/#breadcrumb\"},\"inLanguage\":\"fr-FR\",\"potentialAction\":[{\"@type\":\"ReadAction\",\"target\":[\"https:\\\/\\\/skirentsestriere.com\\\/fr\\\/contacts\\\/\"]}]},{\"@type\":\"ImageObject\",\"inLanguage\":\"fr-FR\",\"@id\":\"https:\\\/\\\/skirentsestriere.com\\\/fr\\\/contacts\\\/#primaryimage\",\"url\":\"https:\\\/\\\/skirentsestriere.com\\\/wp-content\\\/uploads\\\/2025\\\/08\\\/Deposito_lato_posteggio-1024x683.jpg\",\"contentUrl\":\"https:\\\/\\\/skirentsestriere.com\\\/wp-content\\\/uploads\\\/2025\\\/08\\\/Deposito_lato_posteggio-1024x683.jpg\"},{\"@type\":\"BreadcrumbList\",\"@id\":\"https:\\\/\\\/skirentsestriere.com\\\/fr\\\/contacts\\\/#breadcrumb\",\"itemListElement\":[{\"@type\":\"ListItem\",\"position\":1,\"name\":\"Home\",\"item\":\"https:\\\/\\\/skirentsestriere.com\\\/fr\\\/\"},{\"@type\":\"ListItem\",\"position\":2,\"name\":\"Contacts\"}]},{\"@type\":\"WebSite\",\"@id\":\"https:\\\/\\\/skirentsestriere.com\\\/#website\",\"url\":\"https:\\\/\\\/skirentsestriere.com\\\/\",\"name\":\"Noleggio sci e snowboard\",\"description\":\"\",\"publisher\":{\"@id\":\"https:\\\/\\\/skirentsestriere.com\\\/#organization\"},\"potentialAction\":[{\"@type\":\"SearchAction\",\"target\":{\"@type\":\"EntryPoint\",\"urlTemplate\":\"https:\\\/\\\/skirentsestriere.com\\\/?s={search_term_string}\"},\"query-input\":{\"@type\":\"PropertyValueSpecification\",\"valueRequired\":true,\"valueName\":\"search_term_string\"}}],\"inLanguage\":\"fr-FR\"},{\"@type\":\"Organization\",\"@id\":\"https:\\\/\\\/skirentsestriere.com\\\/#organization\",\"name\":\"Noleggio sci e snowboard\",\"url\":\"https:\\\/\\\/skirentsestriere.com\\\/\",\"logo\":{\"@type\":\"ImageObject\",\"inLanguage\":\"fr-FR\",\"@id\":\"https:\\\/\\\/skirentsestriere.com\\\/#\\\/schema\\\/logo\\\/image\\\/\",\"url\":\"https:\\\/\\\/skirentsestriere.com\\\/wp-content\\\/uploads\\\/2025\\\/06\\\/SkiRentLogo.png\",\"contentUrl\":\"https:\\\/\\\/skirentsestriere.com\\\/wp-content\\\/uploads\\\/2025\\\/06\\\/SkiRentLogo.png\",\"width\":520,\"height\":151,\"caption\":\"Noleggio sci e snowboard\"},\"image\":{\"@id\":\"https:\\\/\\\/skirentsestriere.com\\\/#\\\/schema\\\/logo\\\/image\\\/\"}}]}<\/script>\n<!-- \/ Yoast SEO plugin. -->","yoast_head_json":{"title":"Contacts - Location de ski et de snowboard","description":"D\u00e9p\u00f4t de ski directement sur la Piazzale Kandahar. R\u00e9cup\u00e9rez votre mat\u00e9riel et partez skis aux pieds sur les pistes enneig\u00e9es.","robots":{"index":"index","follow":"follow","max-snippet":"max-snippet:-1","max-image-preview":"max-image-preview:large","max-video-preview":"max-video-preview:-1"},"canonical":"https:\/\/skirentsestriere.com\/fr\/contacts\/","og_locale":"fr_FR","og_type":"article","og_title":"Contacts - Location de ski et de snowboard","og_description":"D\u00e9p\u00f4t de ski directement sur la Piazzale Kandahar. R\u00e9cup\u00e9rez votre mat\u00e9riel et partez skis aux pieds sur les pistes enneig\u00e9es.","og_url":"https:\/\/skirentsestriere.com\/fr\/contacts\/","og_site_name":"Location de ski et de snowboard","article_modified_time":"2025-12-01T10:08:21+00:00","og_image":[{"width":1200,"height":800,"url":"https:\/\/skirentsestriere.com\/wp-content\/uploads\/2025\/08\/Deposito_lato_posteggio.jpg","type":"image\/jpeg"}],"twitter_card":"summary_large_image","twitter_misc":{"Dur\u00e9e de lecture estim\u00e9e":"1 minute"},"schema":{"@context":"https:\/\/schema.org","@graph":[{"@type":"WebPage","@id":"https:\/\/skirentsestriere.com\/fr\/contacts\/","url":"https:\/\/skirentsestriere.com\/fr\/contacts\/","name":"Contacts - Location de ski et de snowboard","isPartOf":{"@id":"https:\/\/skirentsestriere.com\/#website"},"primaryImageOfPage":{"@id":"https:\/\/skirentsestriere.com\/fr\/contacts\/#primaryimage"},"image":{"@id":"https:\/\/skirentsestriere.com\/fr\/contacts\/#primaryimage"},"thumbnailUrl":"https:\/\/skirentsestriere.com\/wp-content\/uploads\/2025\/08\/Deposito_lato_posteggio-1024x683.jpg","datePublished":"2025-08-07T17:14:21+00:00","dateModified":"2025-12-01T10:08:21+00:00","description":"D\u00e9p\u00f4t de ski directement sur la Piazzale Kandahar. R\u00e9cup\u00e9rez votre mat\u00e9riel et partez skis aux pieds sur les pistes enneig\u00e9es.","breadcrumb":{"@id":"https:\/\/skirentsestriere.com\/fr\/contacts\/#breadcrumb"},"inLanguage":"fr-FR","potentialAction":[{"@type":"ReadAction","target":["https:\/\/skirentsestriere.com\/fr\/contacts\/"]}]},{"@type":"ImageObject","inLanguage":"fr-FR","@id":"https:\/\/skirentsestriere.com\/fr\/contacts\/#primaryimage","url":"https:\/\/skirentsestriere.com\/wp-content\/uploads\/2025\/08\/Deposito_lato_posteggio-1024x683.jpg","contentUrl":"https:\/\/skirentsestriere.com\/wp-content\/uploads\/2025\/08\/Deposito_lato_posteggio-1024x683.jpg"},{"@type":"BreadcrumbList","@id":"https:\/\/skirentsestriere.com\/fr\/contacts\/#breadcrumb","itemListElement":[{"@type":"ListItem","position":1,"name":"Home","item":"https:\/\/skirentsestriere.com\/fr\/"},{"@type":"ListItem","position":2,"name":"Contacts"}]},{"@type":"WebSite","@id":"https:\/\/skirentsestriere.com\/#website","url":"https:\/\/skirentsestriere.com\/","name":"Noleggio sci e snowboard","description":"","publisher":{"@id":"https:\/\/skirentsestriere.com\/#organization"},"potentialAction":[{"@type":"SearchAction","target":{"@type":"EntryPoint","urlTemplate":"https:\/\/skirentsestriere.com\/?s={search_term_string}"},"query-input":{"@type":"PropertyValueSpecification","valueRequired":true,"valueName":"search_term_string"}}],"inLanguage":"fr-FR"},{"@type":"Organization","@id":"https:\/\/skirentsestriere.com\/#organization","name":"Noleggio sci e snowboard","url":"https:\/\/skirentsestriere.com\/","logo":{"@type":"ImageObject","inLanguage":"fr-FR","@id":"https:\/\/skirentsestriere.com\/#\/schema\/logo\/image\/","url":"https:\/\/skirentsestriere.com\/wp-content\/uploads\/2025\/06\/SkiRentLogo.png","contentUrl":"https:\/\/skirentsestriere.com\/wp-content\/uploads\/2025\/06\/SkiRentLogo.png","width":520,"height":151,"caption":"Noleggio sci e snowboard"},"image":{"@id":"https:\/\/skirentsestriere.com\/#\/schema\/logo\/image\/"}}]}},"_links":{"self":[{"href":"https:\/\/skirentsestriere.com\/fr\/wp-json\/wp\/v2\/pages\/1382","targetHints":{"allow":["GET"]}}],"collection":[{"href":"https:\/\/skirentsestriere.com\/fr\/wp-json\/wp\/v2\/pages"}],"about":[{"href":"https:\/\/skirentsestriere.com\/fr\/wp-json\/wp\/v2\/types\/page"}],"author":[{"embeddable":true,"href":"https:\/\/skirentsestriere.com\/fr\/wp-json\/wp\/v2\/users\/2"}],"replies":[{"embeddable":true,"href":"https:\/\/skirentsestriere.com\/fr\/wp-json\/wp\/v2\/comments?post=1382"}],"version-history":[{"count":4,"href":"https:\/\/skirentsestriere.com\/fr\/wp-json\/wp\/v2\/pages\/1382\/revisions"}],"predecessor-version":[{"id":1843,"href":"https:\/\/skirentsestriere.com\/fr\/wp-json\/wp\/v2\/pages\/1382\/revisions\/1843"}],"wp:attachment":[{"href":"https:\/\/skirentsestriere.com\/fr\/wp-json\/wp\/v2\/media?parent=1382"}],"curies":[{"name":"wp","href":"https:\/\/api.w.org\/{rel}","templated":true}]}}