{"id":1385,"date":"2025-08-07T18:07:26","date_gmt":"2025-08-07T17:07:26","guid":{"rendered":"https:\/\/skirentsestriere.com\/?page_id=1385"},"modified":"2025-10-21T13:00:45","modified_gmt":"2025-10-21T12:00:45","slug":"a-propos","status":"publish","type":"page","link":"https:\/\/skirentsestriere.com\/fr\/a-propos\/","title":{"rendered":"\u00c0 propos de nous"},"content":{"rendered":"\n<div class=\"wp-block-group has-global-padding is-layout-constrained wp-container-core-group-is-layout-91da8a05 wp-block-group-is-layout-constrained\" style=\"padding-top:var(--wp--preset--spacing--40);padding-right:var(--wp--preset--spacing--80);padding-left:var(--wp--preset--spacing--80)\">\n<h1 class=\"wp-block-heading has-text-align-center\"><strong>Notre histoire<\/strong><\/h1>\n\n\n\n<p>L\u2019histoire de <strong>Ski Rent Sestriere<\/strong> puise ses racines dans la passion d\u2019une famille qui vit la montagne depuis des g\u00e9n\u00e9rations.<br>Tout a commenc\u00e9 dans les ann\u00e9es 30, lorsque <strong>Grand-m\u00e8re Ada<\/strong>, femme entreprenante et passionn\u00e9e de neige, a cr\u00e9\u00e9 une petite activit\u00e9, <strong>Ada Ski Rent<\/strong>, qui pla\u00e7ait d\u00e9j\u00e0 au centre l\u2019amour du ski et de l\u2019accueil.<br>Aujourd\u2019hui, ses descendants \u2014 tous moniteurs de ski \u2014 perp\u00e9tuent cette tradition avec la m\u00eame passion et d\u00e9vouement, offrant comp\u00e9tence et sourire \u00e0 chaque client.<br><strong>Ski Rent Sestriere<\/strong> a \u00e9galement d\u00e9velopp\u00e9 la location en ligne et s\u2019appuie sur ses points de r\u00e9f\u00e9rence physiques : <strong>Ada Ski Rent<\/strong> et <strong>Ski Golf Cristina<\/strong>, la solution id\u00e9ale pour tous ceux qui aiment skier \u00e0 Sestriere !<\/p>\n<\/div>\n\n\n\n<div class=\"wp-block-columns is-layout-flex wp-container-core-columns-is-layout-1a2ddb66 wp-block-columns-is-layout-flex\" style=\"padding-right:var(--wp--preset--spacing--30);padding-left:var(--wp--preset--spacing--30)\">\n<div class=\"wp-block-column has-border-color has-accent-1-border-color has-global-padding is-layout-constrained wp-container-core-column-is-layout-24567ffd wp-block-column-is-layout-constrained\" style=\"border-width:5px;padding-top:var(--wp--preset--spacing--40);padding-right:var(--wp--preset--spacing--40);padding-bottom:var(--wp--preset--spacing--40);padding-left:var(--wp--preset--spacing--40)\">\n<h1 class=\"wp-block-heading has-text-align-center\"><strong>Ada Ski<\/strong> <strong>Rent<\/strong><\/h1>\n\n\n\n<p>Votre location de skis et snowboards \u00e0 Sestriere, au c\u0153ur du village, \u00e0 deux pas des pistes.<\/p>\n\n\n\n<p>Ici, vous trouverez du <strong>mat\u00e9riel des meilleures marques<\/strong> et les conseils avis\u00e9s d\u2019une \u00e9quipe de moniteurs de ski, qui saura vous guider dans le choix le plus adapt\u00e9, que vous soyez d\u00e9butant, expert ou un petit skieur en herbe.<\/p>\n\n\n\n<p><strong>Pourquoi nous choisir:<\/strong><\/p>\n\n\n\n<ul class=\"wp-block-list\">\n<li>Situation tr\u00e8s centrale, \u00e0 proximit\u00e9 des remont\u00e9es m\u00e9caniques.<\/li>\n\n\n\n<li>Location de ski, snowboard, bottes, casque et raquettes.<\/li>\n\n\n\n<li>Assistance professionnelle par des experts de la montagne.<\/li>\n\n\n\n<li>Jusqu&rsquo;\u00e0 20% de r\u00e9duction lorsque vous r\u00e9servez en ligne.<\/li>\n<\/ul>\n<\/div>\n\n\n\n<div class=\"wp-block-column has-border-color has-accent-2-border-color has-global-padding is-layout-constrained wp-container-core-column-is-layout-24567ffd wp-block-column-is-layout-constrained\" style=\"border-width:5px;padding-top:var(--wp--preset--spacing--40);padding-right:var(--wp--preset--spacing--40);padding-bottom:var(--wp--preset--spacing--40);padding-left:var(--wp--preset--spacing--40)\">\n<h1 class=\"wp-block-heading has-text-align-center\"><strong>Ski Golf Cristina<\/strong><\/h1>\n\n\n\n<p>Situ\u00e9 juste en face des pistes, Ski Golf Cristina est bien plus qu&rsquo;une simple location de ski : c&rsquo;est une v\u00e9ritable r\u00e9f\u00e9rence en mati\u00e8re d&rsquo;<strong>accessoires et de mat\u00e9riel de montagne<\/strong>.<\/p>\n\n\n\n<p>Vous trouverez des lunettes de ski, des casques, des bonnets, des gants et un large choix de produits pour rendre chaque journ\u00e9e sur la neige confortable et s\u00e9curitaire.<\/p>\n\n\n\n<p>Une attention particuli\u00e8re est port\u00e9e <strong>aux plus petits <\/strong>: casques dans les plus petites tailles, gants chauds pour les petites mains, doublures de casque et tout le n\u00e9cessaire pour rendre leurs premi\u00e8res exp\u00e9riences de ski inoubliables.<\/p>\n\n\n\n<p>Que vous recherchiez l&rsquo;\u00e9quipement parfait ou la touche finale parfaite \u00e0 votre journ\u00e9e sur la neige, vous trouverez ici professionnalisme et accueil chaleureux.<\/p>\n<\/div>\n<\/div>\n\n\n\n<h1 class=\"wp-block-heading has-text-align-center\">La neige vous attend, nous aussi !<\/h1>\n","protected":false},"excerpt":{"rendered":"<p>Notre histoire L\u2019histoire de Ski Rent Sestriere puise ses racines dans la passion d\u2019une famille qui vit la montagne depuis des g\u00e9n\u00e9rations.Tout a commenc\u00e9 dans les ann\u00e9es 30, lorsque Grand-m\u00e8re Ada, femme entreprenante et passionn\u00e9e de neige, a cr\u00e9\u00e9 une petite activit\u00e9, Ada Ski Rent, qui pla\u00e7ait d\u00e9j\u00e0 au centre l\u2019amour du ski et de [&hellip;]<\/p>\n","protected":false},"author":2,"featured_media":0,"parent":0,"menu_order":0,"comment_status":"closed","ping_status":"closed","template":"page-no-title","meta":{"footnotes":""},"class_list":["post-1385","page","type-page","status-publish","hentry"],"yoast_head":"<!-- This site is optimized with the Yoast SEO plugin v27.4 - https:\/\/yoast.com\/product\/yoast-seo-wordpress\/ -->\n<title>\u00c0 propos de nous - Location de ski et de snowboard<\/title>\n<meta name=\"description\" content=\"Moniteurs de ski exp\u00e9riment\u00e9s. R\u00e9glage pr\u00e9cis des fixations de ski et de snowboard pour une s\u00e9curit\u00e9 maximale.\" \/>\n<meta name=\"robots\" content=\"index, follow, max-snippet:-1, max-image-preview:large, max-video-preview:-1\" \/>\n<link rel=\"canonical\" href=\"https:\/\/skirentsestriere.com\/fr\/a-propos\/\" \/>\n<meta property=\"og:locale\" content=\"fr_FR\" \/>\n<meta property=\"og:type\" content=\"article\" \/>\n<meta property=\"og:title\" content=\"\u00c0 propos de nous - Location de ski et de snowboard\" \/>\n<meta property=\"og:description\" content=\"Moniteurs de ski exp\u00e9riment\u00e9s. R\u00e9glage pr\u00e9cis des fixations de ski et de snowboard pour une s\u00e9curit\u00e9 maximale.\" \/>\n<meta property=\"og:url\" content=\"https:\/\/skirentsestriere.com\/fr\/a-propos\/\" \/>\n<meta property=\"og:site_name\" content=\"Location de ski et de snowboard\" \/>\n<meta property=\"article:modified_time\" content=\"2025-10-21T12:00:45+00:00\" \/>\n<meta name=\"twitter:card\" content=\"summary_large_image\" \/>\n<meta name=\"twitter:label1\" content=\"Dur\u00e9e de lecture estim\u00e9e\" \/>\n\t<meta name=\"twitter:data1\" content=\"2 minutes\" \/>\n<script type=\"application\/ld+json\" class=\"yoast-schema-graph\">{\"@context\":\"https:\\\/\\\/schema.org\",\"@graph\":[{\"@type\":\"WebPage\",\"@id\":\"https:\\\/\\\/skirentsestriere.com\\\/fr\\\/a-propos\\\/\",\"url\":\"https:\\\/\\\/skirentsestriere.com\\\/fr\\\/a-propos\\\/\",\"name\":\"\u00c0 propos de nous - Location de ski et de snowboard\",\"isPartOf\":{\"@id\":\"https:\\\/\\\/skirentsestriere.com\\\/#website\"},\"datePublished\":\"2025-08-07T17:07:26+00:00\",\"dateModified\":\"2025-10-21T12:00:45+00:00\",\"description\":\"Moniteurs de ski exp\u00e9riment\u00e9s. R\u00e9glage pr\u00e9cis des fixations de ski et de snowboard pour une s\u00e9curit\u00e9 maximale.\",\"breadcrumb\":{\"@id\":\"https:\\\/\\\/skirentsestriere.com\\\/fr\\\/a-propos\\\/#breadcrumb\"},\"inLanguage\":\"fr-FR\",\"potentialAction\":[{\"@type\":\"ReadAction\",\"target\":[\"https:\\\/\\\/skirentsestriere.com\\\/fr\\\/a-propos\\\/\"]}]},{\"@type\":\"BreadcrumbList\",\"@id\":\"https:\\\/\\\/skirentsestriere.com\\\/fr\\\/a-propos\\\/#breadcrumb\",\"itemListElement\":[{\"@type\":\"ListItem\",\"position\":1,\"name\":\"Home\",\"item\":\"https:\\\/\\\/skirentsestriere.com\\\/fr\\\/\"},{\"@type\":\"ListItem\",\"position\":2,\"name\":\"\u00c0 propos de nous\"}]},{\"@type\":\"WebSite\",\"@id\":\"https:\\\/\\\/skirentsestriere.com\\\/#website\",\"url\":\"https:\\\/\\\/skirentsestriere.com\\\/\",\"name\":\"Noleggio sci e snowboard\",\"description\":\"\",\"publisher\":{\"@id\":\"https:\\\/\\\/skirentsestriere.com\\\/#organization\"},\"potentialAction\":[{\"@type\":\"SearchAction\",\"target\":{\"@type\":\"EntryPoint\",\"urlTemplate\":\"https:\\\/\\\/skirentsestriere.com\\\/?s={search_term_string}\"},\"query-input\":{\"@type\":\"PropertyValueSpecification\",\"valueRequired\":true,\"valueName\":\"search_term_string\"}}],\"inLanguage\":\"fr-FR\"},{\"@type\":\"Organization\",\"@id\":\"https:\\\/\\\/skirentsestriere.com\\\/#organization\",\"name\":\"Noleggio sci e snowboard\",\"url\":\"https:\\\/\\\/skirentsestriere.com\\\/\",\"logo\":{\"@type\":\"ImageObject\",\"inLanguage\":\"fr-FR\",\"@id\":\"https:\\\/\\\/skirentsestriere.com\\\/#\\\/schema\\\/logo\\\/image\\\/\",\"url\":\"https:\\\/\\\/skirentsestriere.com\\\/wp-content\\\/uploads\\\/2025\\\/06\\\/SkiRentLogo.png\",\"contentUrl\":\"https:\\\/\\\/skirentsestriere.com\\\/wp-content\\\/uploads\\\/2025\\\/06\\\/SkiRentLogo.png\",\"width\":520,\"height\":151,\"caption\":\"Noleggio sci e snowboard\"},\"image\":{\"@id\":\"https:\\\/\\\/skirentsestriere.com\\\/#\\\/schema\\\/logo\\\/image\\\/\"}}]}<\/script>\n<!-- \/ Yoast SEO plugin. -->","yoast_head_json":{"title":"\u00c0 propos de nous - Location de ski et de snowboard","description":"Moniteurs de ski exp\u00e9riment\u00e9s. R\u00e9glage pr\u00e9cis des fixations de ski et de snowboard pour une s\u00e9curit\u00e9 maximale.","robots":{"index":"index","follow":"follow","max-snippet":"max-snippet:-1","max-image-preview":"max-image-preview:large","max-video-preview":"max-video-preview:-1"},"canonical":"https:\/\/skirentsestriere.com\/fr\/a-propos\/","og_locale":"fr_FR","og_type":"article","og_title":"\u00c0 propos de nous - Location de ski et de snowboard","og_description":"Moniteurs de ski exp\u00e9riment\u00e9s. R\u00e9glage pr\u00e9cis des fixations de ski et de snowboard pour une s\u00e9curit\u00e9 maximale.","og_url":"https:\/\/skirentsestriere.com\/fr\/a-propos\/","og_site_name":"Location de ski et de snowboard","article_modified_time":"2025-10-21T12:00:45+00:00","twitter_card":"summary_large_image","twitter_misc":{"Dur\u00e9e de lecture estim\u00e9e":"2 minutes"},"schema":{"@context":"https:\/\/schema.org","@graph":[{"@type":"WebPage","@id":"https:\/\/skirentsestriere.com\/fr\/a-propos\/","url":"https:\/\/skirentsestriere.com\/fr\/a-propos\/","name":"\u00c0 propos de nous - Location de ski et de snowboard","isPartOf":{"@id":"https:\/\/skirentsestriere.com\/#website"},"datePublished":"2025-08-07T17:07:26+00:00","dateModified":"2025-10-21T12:00:45+00:00","description":"Moniteurs de ski exp\u00e9riment\u00e9s. R\u00e9glage pr\u00e9cis des fixations de ski et de snowboard pour une s\u00e9curit\u00e9 maximale.","breadcrumb":{"@id":"https:\/\/skirentsestriere.com\/fr\/a-propos\/#breadcrumb"},"inLanguage":"fr-FR","potentialAction":[{"@type":"ReadAction","target":["https:\/\/skirentsestriere.com\/fr\/a-propos\/"]}]},{"@type":"BreadcrumbList","@id":"https:\/\/skirentsestriere.com\/fr\/a-propos\/#breadcrumb","itemListElement":[{"@type":"ListItem","position":1,"name":"Home","item":"https:\/\/skirentsestriere.com\/fr\/"},{"@type":"ListItem","position":2,"name":"\u00c0 propos de nous"}]},{"@type":"WebSite","@id":"https:\/\/skirentsestriere.com\/#website","url":"https:\/\/skirentsestriere.com\/","name":"Noleggio sci e snowboard","description":"","publisher":{"@id":"https:\/\/skirentsestriere.com\/#organization"},"potentialAction":[{"@type":"SearchAction","target":{"@type":"EntryPoint","urlTemplate":"https:\/\/skirentsestriere.com\/?s={search_term_string}"},"query-input":{"@type":"PropertyValueSpecification","valueRequired":true,"valueName":"search_term_string"}}],"inLanguage":"fr-FR"},{"@type":"Organization","@id":"https:\/\/skirentsestriere.com\/#organization","name":"Noleggio sci e snowboard","url":"https:\/\/skirentsestriere.com\/","logo":{"@type":"ImageObject","inLanguage":"fr-FR","@id":"https:\/\/skirentsestriere.com\/#\/schema\/logo\/image\/","url":"https:\/\/skirentsestriere.com\/wp-content\/uploads\/2025\/06\/SkiRentLogo.png","contentUrl":"https:\/\/skirentsestriere.com\/wp-content\/uploads\/2025\/06\/SkiRentLogo.png","width":520,"height":151,"caption":"Noleggio sci e snowboard"},"image":{"@id":"https:\/\/skirentsestriere.com\/#\/schema\/logo\/image\/"}}]}},"_links":{"self":[{"href":"https:\/\/skirentsestriere.com\/fr\/wp-json\/wp\/v2\/pages\/1385","targetHints":{"allow":["GET"]}}],"collection":[{"href":"https:\/\/skirentsestriere.com\/fr\/wp-json\/wp\/v2\/pages"}],"about":[{"href":"https:\/\/skirentsestriere.com\/fr\/wp-json\/wp\/v2\/types\/page"}],"author":[{"embeddable":true,"href":"https:\/\/skirentsestriere.com\/fr\/wp-json\/wp\/v2\/users\/2"}],"replies":[{"embeddable":true,"href":"https:\/\/skirentsestriere.com\/fr\/wp-json\/wp\/v2\/comments?post=1385"}],"version-history":[{"count":5,"href":"https:\/\/skirentsestriere.com\/fr\/wp-json\/wp\/v2\/pages\/1385\/revisions"}],"predecessor-version":[{"id":1557,"href":"https:\/\/skirentsestriere.com\/fr\/wp-json\/wp\/v2\/pages\/1385\/revisions\/1557"}],"wp:attachment":[{"href":"https:\/\/skirentsestriere.com\/fr\/wp-json\/wp\/v2\/media?parent=1385"}],"curies":[{"name":"wp","href":"https:\/\/api.w.org\/{rel}","templated":true}]}}