{"id":1393,"date":"2025-08-15T13:27:38","date_gmt":"2025-08-15T12:27:38","guid":{"rendered":"https:\/\/skirentsestriere.com\/?page_id=1393"},"modified":"2026-01-12T10:29:25","modified_gmt":"2026-01-12T09:29:25","slug":"prestations","status":"publish","type":"page","link":"https:\/\/skirentsestriere.com\/fr\/prestations\/","title":{"rendered":"Prestations"},"content":{"rendered":"\n<div class=\"wp-block-group alignfull is-style-default has-global-padding is-layout-constrained wp-block-group-is-layout-constrained\" style=\"margin-top:0;margin-bottom:0;padding-top:var(--wp--preset--spacing--30);padding-bottom:var(--wp--preset--spacing--30)\">\n<div class=\"wp-block-columns alignwide is-layout-flex wp-container-core-columns-is-layout-66fad18a wp-block-columns-is-layout-flex\">\n<div class=\"wp-block-column is-vertically-aligned-top is-layout-flow wp-block-column-is-layout-flow\" style=\"padding-right:0;padding-left:0;flex-basis:60%\">\n<div class=\"wp-block-group is-vertical is-layout-flex wp-container-core-group-is-layout-fe9cc265 wp-block-group-is-layout-flex\">\n<h1 class=\"wp-block-heading\" id=\"Deposito\">D\u00e9p\u00f4t de ski<\/h1>\n<\/div>\n\n\n\n<p class=\"is-style-text-subtitle has-large-font-size is-style-text-subtitle--1\">Une bonne consigne \u00e0 skis rend vos vacances \u00e0 la neige encore plus agr\u00e9ables !<br>Pour les clients qui louent leur \u00e9quipement pendant <strong>plusieurs jours<\/strong>, nous proposons un <strong>service de consigne \u00e0 skis payant<\/strong>, qui vous permet de laisser skis, chaussures et accessoires chez nous en fin de journ\u00e9e.<\/p>\n\n\n\n<p class=\"has-large-font-size\" style=\"line-height:1.2\">Ainsi, vous n\u2019aurez pas besoin de rentrer imm\u00e9diatement \u00e0 l\u2019h\u00f4tel : apr\u00e8s le ski, vous pourrez vous promener tranquillement, faire du shopping ou vous d\u00e9tendre autour d\u2019une boisson chaude, sans \u00eatre encombr\u00e9 par votre mat\u00e9riel.<\/p>\n\n\n\n<p class=\"is-style-text-subtitle has-large-font-size is-style-text-subtitle--2\">En alternative, des <strong>casiers chauffants<\/strong> sont disponibles (service suppl\u00e9mentaire payant), id\u00e9als pour garder vos chaussures s\u00e8ches, d\u00e9sinfect\u00e9es et bien chaudes pour le lendemain.<br>\ud83d\udc49 <strong>La disponibilit\u00e9 des casiers est limit\u00e9e<\/strong>, il est donc n\u00e9cessaire de <strong>nous contacter \u00e0 l\u2019avance<\/strong> pour v\u00e9rifier les disponibilit\u00e9s<\/p>\n<\/div>\n\n\n\n<div class=\"wp-block-column is-vertically-aligned-center is-layout-flow wp-block-column-is-layout-flow\" style=\"padding-right:var(--wp--preset--spacing--50);flex-basis:40%\">\n<figure class=\"wp-block-image size-full hide-mobile\"><img loading=\"lazy\" decoding=\"async\" width=\"1200\" height=\"800\" src=\"https:\/\/skirentsestriere.com\/wp-content\/uploads\/2025\/08\/Armadi.jpg\" alt=\"\" class=\"wp-image-750\" srcset=\"https:\/\/skirentsestriere.com\/wp-content\/uploads\/2025\/08\/Armadi.jpg 1200w, https:\/\/skirentsestriere.com\/wp-content\/uploads\/2025\/08\/Armadi-300x200.jpg 300w, https:\/\/skirentsestriere.com\/wp-content\/uploads\/2025\/08\/Armadi-1024x683.jpg 1024w, https:\/\/skirentsestriere.com\/wp-content\/uploads\/2025\/08\/Armadi-768x512.jpg 768w, https:\/\/skirentsestriere.com\/wp-content\/uploads\/2025\/08\/Armadi-600x400.jpg 600w\" sizes=\"auto, (max-width: 1200px) 100vw, 1200px\" \/><\/figure>\n\n\n\n<div class=\"wp-block-group has-global-padding is-layout-constrained wp-block-group-is-layout-constrained\" style=\"margin-top:-12vw\">\n<figure class=\"wp-block-image alignright size-full is-resized hide-mobile\" style=\"margin-top:var(--wp--preset--spacing--70);margin-right:-5vw;margin-bottom:0;margin-left:-5vw\"><img loading=\"lazy\" decoding=\"async\" width=\"450\" height=\"450\" src=\"https:\/\/skirentsestriere.com\/wp-content\/uploads\/2025\/08\/Prenotazione_sicura.png\" alt=\"\" class=\"wp-image-263\" style=\"width:200px\" srcset=\"https:\/\/skirentsestriere.com\/wp-content\/uploads\/2025\/08\/Prenotazione_sicura.png 450w, https:\/\/skirentsestriere.com\/wp-content\/uploads\/2025\/08\/Prenotazione_sicura-300x300.png 300w, https:\/\/skirentsestriere.com\/wp-content\/uploads\/2025\/08\/Prenotazione_sicura-100x100.png 100w, https:\/\/skirentsestriere.com\/wp-content\/uploads\/2025\/08\/Prenotazione_sicura-150x150.png 150w\" sizes=\"auto, (max-width: 450px) 100vw, 450px\" \/><\/figure>\n<\/div>\n<\/div>\n<\/div>\n<\/div>\n\n\n\n<div class=\"wp-block-group is-content-justification-center is-layout-flex wp-container-core-group-is-layout-49a3a3af wp-block-group-is-layout-flex\" style=\"padding-right:0;padding-left:0\">\n<p class=\"has-text-align-center\"><strong>Afin d&rsquo;avoir un endroit chauff\u00e9 dans notre d\u00e9p\u00f4t<\/strong><\/p>\n\n\n\n<p class=\"has-text-align-center btn\"><a href=\"https:\/\/skirentsestriere.com\/fr\/contacts\/\">Nous contacter<\/a><\/p>\n<\/div>\n\n\n\n<div class=\"bicolour-line\" id=\"Skiservice\"><\/div>\n\n\n\n<div class=\"wp-block-group alignfull is-style-default has-global-padding is-layout-constrained wp-block-group-is-layout-constrained\" style=\"margin-top:0;margin-bottom:0;padding-top:var(--wp--preset--spacing--30);padding-bottom:var(--wp--preset--spacing--30)\">\n<div class=\"wp-block-columns alignwide is-layout-flex wp-container-core-columns-is-layout-66fad18a wp-block-columns-is-layout-flex\">\n<div class=\"wp-block-column is-layout-flow wp-block-column-is-layout-flow\" style=\"padding-right:var(--wp--preset--spacing--50);flex-basis:40%\">\n<figure class=\"wp-block-image size-full hide-mobile\"><img loading=\"lazy\" decoding=\"async\" width=\"800\" height=\"800\" src=\"https:\/\/skirentsestriere.com\/wp-content\/uploads\/2025\/08\/Laboratorio.jpg\" alt=\"\" class=\"wp-image-354\" srcset=\"https:\/\/skirentsestriere.com\/wp-content\/uploads\/2025\/08\/Laboratorio.jpg 800w, https:\/\/skirentsestriere.com\/wp-content\/uploads\/2025\/08\/Laboratorio-300x300.jpg 300w, https:\/\/skirentsestriere.com\/wp-content\/uploads\/2025\/08\/Laboratorio-100x100.jpg 100w, https:\/\/skirentsestriere.com\/wp-content\/uploads\/2025\/08\/Laboratorio-600x600.jpg 600w, https:\/\/skirentsestriere.com\/wp-content\/uploads\/2025\/08\/Laboratorio-150x150.jpg 150w, https:\/\/skirentsestriere.com\/wp-content\/uploads\/2025\/08\/Laboratorio-768x768.jpg 768w\" sizes=\"auto, (max-width: 800px) 100vw, 800px\" \/><\/figure>\n\n\n\n<div class=\"wp-block-group has-global-padding is-layout-constrained wp-block-group-is-layout-constrained\" style=\"margin-top:-12vw\">\n<figure class=\"wp-block-image alignright size-full is-resized hide-mobile\" style=\"margin-top:var(--wp--preset--spacing--70);margin-right:-5vw;margin-bottom:0;margin-left:-5vw\"><img loading=\"lazy\" decoding=\"async\" width=\"500\" height=\"335\" src=\"https:\/\/skirentsestriere.com\/wp-content\/uploads\/2025\/08\/Lamine.jpg\" alt=\"\" class=\"wp-image-728\" style=\"width:250px\" srcset=\"https:\/\/skirentsestriere.com\/wp-content\/uploads\/2025\/08\/Lamine.jpg 500w, https:\/\/skirentsestriere.com\/wp-content\/uploads\/2025\/08\/Lamine-300x201.jpg 300w\" sizes=\"auto, (max-width: 500px) 100vw, 500px\" \/><\/figure>\n<\/div>\n<\/div>\n\n\n\n<div class=\"wp-block-column is-vertically-aligned-center is-layout-flow wp-block-column-is-layout-flow\" style=\"padding-right:0;padding-left:0;flex-basis:55%\">\n<div class=\"wp-block-group is-vertical is-layout-flex wp-container-core-group-is-layout-fe9cc265 wp-block-group-is-layout-flex\">\n<h1 class=\"wp-block-heading\" id=\"Skiservice\">Atelier de ski<\/h1>\n<\/div>\n\n\n\n<p class=\"is-style-text-subtitle has-large-font-size is-style-text-subtitle--3\">Pour une exp\u00e9rience de ski agr\u00e9able et en toute s\u00e9curit\u00e9, les grandes pistes de Sestriere, le beau temps et la bonne compagnie ne suffisent pas. Il est \u00e9galement essentiel que votre mat\u00e9riel soit adapt\u00e9 et toujours entretenu en parfait \u00e9tat. Nos techniciens skis pr\u00e9pareront vos skis pour garantir une glisse et un \u00e9quilibre optimaux. Le fartage est disponible pour encore plus de plaisir.<\/p>\n<\/div>\n<\/div>\n<\/div>\n","protected":false},"excerpt":{"rendered":"<p>D\u00e9p\u00f4t de ski Une bonne consigne \u00e0 skis rend vos vacances \u00e0 la neige encore plus agr\u00e9ables !Pour les clients qui louent leur \u00e9quipement pendant plusieurs jours, nous proposons un service de consigne \u00e0 skis payant, qui vous permet de laisser skis, chaussures et accessoires chez nous en fin de journ\u00e9e. Ainsi, vous n\u2019aurez pas [&hellip;]<\/p>\n","protected":false},"author":2,"featured_media":0,"parent":0,"menu_order":0,"comment_status":"closed","ping_status":"closed","template":"page-no-title","meta":{"footnotes":""},"class_list":["post-1393","page","type-page","status-publish","hentry"],"yoast_head":"<!-- This site is optimized with the Yoast SEO plugin v26.6 - https:\/\/yoast.com\/wordpress\/plugins\/seo\/ -->\n<title>Prestations - Location de ski et de snowboard<\/title>\n<meta name=\"description\" content=\"Local \u00e0 skis pr\u00e8s des pistes. Casiers avec s\u00e8che-chaussures. Atelier de ski pour skis et snowboards parfaitement carr\u00e9s et fart\u00e9s.\" \/>\n<meta name=\"robots\" content=\"index, follow, max-snippet:-1, max-image-preview:large, max-video-preview:-1\" \/>\n<link rel=\"canonical\" href=\"https:\/\/skirentsestriere.com\/fr\/prestations\/\" \/>\n<meta property=\"og:locale\" content=\"fr_FR\" \/>\n<meta property=\"og:type\" content=\"article\" \/>\n<meta property=\"og:title\" content=\"Prestations - Location de ski et de snowboard\" \/>\n<meta property=\"og:description\" content=\"Local \u00e0 skis pr\u00e8s des pistes. Casiers avec s\u00e8che-chaussures. Atelier de ski pour skis et snowboards parfaitement carr\u00e9s et fart\u00e9s.\" \/>\n<meta property=\"og:url\" content=\"https:\/\/skirentsestriere.com\/fr\/prestations\/\" \/>\n<meta property=\"og:site_name\" content=\"Location de ski et de snowboard\" \/>\n<meta property=\"article:modified_time\" content=\"2026-01-12T09:29:25+00:00\" \/>\n<meta property=\"og:image\" content=\"https:\/\/skirentsestriere.com\/wp-content\/uploads\/2025\/08\/Armadi.jpg\" \/>\n\t<meta property=\"og:image:width\" content=\"1200\" \/>\n\t<meta property=\"og:image:height\" content=\"800\" \/>\n\t<meta property=\"og:image:type\" content=\"image\/jpeg\" \/>\n<meta name=\"twitter:card\" content=\"summary_large_image\" \/>\n<meta name=\"twitter:label1\" content=\"Dur\u00e9e de lecture estim\u00e9e\" \/>\n\t<meta name=\"twitter:data1\" content=\"2 minutes\" \/>\n<script type=\"application\/ld+json\" class=\"yoast-schema-graph\">{\"@context\":\"https:\/\/schema.org\",\"@graph\":[{\"@type\":\"WebPage\",\"@id\":\"https:\/\/skirentsestriere.com\/fr\/prestations\/\",\"url\":\"https:\/\/skirentsestriere.com\/fr\/prestations\/\",\"name\":\"Prestations - Location de ski et de snowboard\",\"isPartOf\":{\"@id\":\"https:\/\/skirentsestriere.com\/#website\"},\"primaryImageOfPage\":{\"@id\":\"https:\/\/skirentsestriere.com\/fr\/prestations\/#primaryimage\"},\"image\":{\"@id\":\"https:\/\/skirentsestriere.com\/fr\/prestations\/#primaryimage\"},\"thumbnailUrl\":\"https:\/\/skirentsestriere.com\/wp-content\/uploads\/2025\/08\/Armadi.jpg\",\"datePublished\":\"2025-08-15T12:27:38+00:00\",\"dateModified\":\"2026-01-12T09:29:25+00:00\",\"description\":\"Local \u00e0 skis pr\u00e8s des pistes. Casiers avec s\u00e8che-chaussures. Atelier de ski pour skis et snowboards parfaitement carr\u00e9s et fart\u00e9s.\",\"breadcrumb\":{\"@id\":\"https:\/\/skirentsestriere.com\/fr\/prestations\/#breadcrumb\"},\"inLanguage\":\"fr-FR\",\"potentialAction\":[{\"@type\":\"ReadAction\",\"target\":[\"https:\/\/skirentsestriere.com\/fr\/prestations\/\"]}]},{\"@type\":\"ImageObject\",\"inLanguage\":\"fr-FR\",\"@id\":\"https:\/\/skirentsestriere.com\/fr\/prestations\/#primaryimage\",\"url\":\"https:\/\/skirentsestriere.com\/wp-content\/uploads\/2025\/08\/Armadi.jpg\",\"contentUrl\":\"https:\/\/skirentsestriere.com\/wp-content\/uploads\/2025\/08\/Armadi.jpg\"},{\"@type\":\"BreadcrumbList\",\"@id\":\"https:\/\/skirentsestriere.com\/fr\/prestations\/#breadcrumb\",\"itemListElement\":[{\"@type\":\"ListItem\",\"position\":1,\"name\":\"Home\",\"item\":\"https:\/\/skirentsestriere.com\/fr\/\"},{\"@type\":\"ListItem\",\"position\":2,\"name\":\"Prestations\"}]},{\"@type\":\"WebSite\",\"@id\":\"https:\/\/skirentsestriere.com\/#website\",\"url\":\"https:\/\/skirentsestriere.com\/\",\"name\":\"Noleggio sci e snowboard\",\"description\":\"\",\"publisher\":{\"@id\":\"https:\/\/skirentsestriere.com\/#organization\"},\"potentialAction\":[{\"@type\":\"SearchAction\",\"target\":{\"@type\":\"EntryPoint\",\"urlTemplate\":\"https:\/\/skirentsestriere.com\/?s={search_term_string}\"},\"query-input\":{\"@type\":\"PropertyValueSpecification\",\"valueRequired\":true,\"valueName\":\"search_term_string\"}}],\"inLanguage\":\"fr-FR\"},{\"@type\":\"Organization\",\"@id\":\"https:\/\/skirentsestriere.com\/#organization\",\"name\":\"Noleggio sci e snowboard\",\"url\":\"https:\/\/skirentsestriere.com\/\",\"logo\":{\"@type\":\"ImageObject\",\"inLanguage\":\"fr-FR\",\"@id\":\"https:\/\/skirentsestriere.com\/#\/schema\/logo\/image\/\",\"url\":\"https:\/\/skirentsestriere.com\/wp-content\/uploads\/2025\/06\/SkiRentLogo.png\",\"contentUrl\":\"https:\/\/skirentsestriere.com\/wp-content\/uploads\/2025\/06\/SkiRentLogo.png\",\"width\":520,\"height\":151,\"caption\":\"Noleggio sci e snowboard\"},\"image\":{\"@id\":\"https:\/\/skirentsestriere.com\/#\/schema\/logo\/image\/\"}}]}<\/script>\n<!-- \/ Yoast SEO plugin. -->","yoast_head_json":{"title":"Prestations - Location de ski et de snowboard","description":"Local \u00e0 skis pr\u00e8s des pistes. Casiers avec s\u00e8che-chaussures. Atelier de ski pour skis et snowboards parfaitement carr\u00e9s et fart\u00e9s.","robots":{"index":"index","follow":"follow","max-snippet":"max-snippet:-1","max-image-preview":"max-image-preview:large","max-video-preview":"max-video-preview:-1"},"canonical":"https:\/\/skirentsestriere.com\/fr\/prestations\/","og_locale":"fr_FR","og_type":"article","og_title":"Prestations - Location de ski et de snowboard","og_description":"Local \u00e0 skis pr\u00e8s des pistes. Casiers avec s\u00e8che-chaussures. Atelier de ski pour skis et snowboards parfaitement carr\u00e9s et fart\u00e9s.","og_url":"https:\/\/skirentsestriere.com\/fr\/prestations\/","og_site_name":"Location de ski et de snowboard","article_modified_time":"2026-01-12T09:29:25+00:00","og_image":[{"width":1200,"height":800,"url":"https:\/\/skirentsestriere.com\/wp-content\/uploads\/2025\/08\/Armadi.jpg","type":"image\/jpeg"}],"twitter_card":"summary_large_image","twitter_misc":{"Dur\u00e9e de lecture estim\u00e9e":"2 minutes"},"schema":{"@context":"https:\/\/schema.org","@graph":[{"@type":"WebPage","@id":"https:\/\/skirentsestriere.com\/fr\/prestations\/","url":"https:\/\/skirentsestriere.com\/fr\/prestations\/","name":"Prestations - Location de ski et de snowboard","isPartOf":{"@id":"https:\/\/skirentsestriere.com\/#website"},"primaryImageOfPage":{"@id":"https:\/\/skirentsestriere.com\/fr\/prestations\/#primaryimage"},"image":{"@id":"https:\/\/skirentsestriere.com\/fr\/prestations\/#primaryimage"},"thumbnailUrl":"https:\/\/skirentsestriere.com\/wp-content\/uploads\/2025\/08\/Armadi.jpg","datePublished":"2025-08-15T12:27:38+00:00","dateModified":"2026-01-12T09:29:25+00:00","description":"Local \u00e0 skis pr\u00e8s des pistes. Casiers avec s\u00e8che-chaussures. Atelier de ski pour skis et snowboards parfaitement carr\u00e9s et fart\u00e9s.","breadcrumb":{"@id":"https:\/\/skirentsestriere.com\/fr\/prestations\/#breadcrumb"},"inLanguage":"fr-FR","potentialAction":[{"@type":"ReadAction","target":["https:\/\/skirentsestriere.com\/fr\/prestations\/"]}]},{"@type":"ImageObject","inLanguage":"fr-FR","@id":"https:\/\/skirentsestriere.com\/fr\/prestations\/#primaryimage","url":"https:\/\/skirentsestriere.com\/wp-content\/uploads\/2025\/08\/Armadi.jpg","contentUrl":"https:\/\/skirentsestriere.com\/wp-content\/uploads\/2025\/08\/Armadi.jpg"},{"@type":"BreadcrumbList","@id":"https:\/\/skirentsestriere.com\/fr\/prestations\/#breadcrumb","itemListElement":[{"@type":"ListItem","position":1,"name":"Home","item":"https:\/\/skirentsestriere.com\/fr\/"},{"@type":"ListItem","position":2,"name":"Prestations"}]},{"@type":"WebSite","@id":"https:\/\/skirentsestriere.com\/#website","url":"https:\/\/skirentsestriere.com\/","name":"Noleggio sci e snowboard","description":"","publisher":{"@id":"https:\/\/skirentsestriere.com\/#organization"},"potentialAction":[{"@type":"SearchAction","target":{"@type":"EntryPoint","urlTemplate":"https:\/\/skirentsestriere.com\/?s={search_term_string}"},"query-input":{"@type":"PropertyValueSpecification","valueRequired":true,"valueName":"search_term_string"}}],"inLanguage":"fr-FR"},{"@type":"Organization","@id":"https:\/\/skirentsestriere.com\/#organization","name":"Noleggio sci e snowboard","url":"https:\/\/skirentsestriere.com\/","logo":{"@type":"ImageObject","inLanguage":"fr-FR","@id":"https:\/\/skirentsestriere.com\/#\/schema\/logo\/image\/","url":"https:\/\/skirentsestriere.com\/wp-content\/uploads\/2025\/06\/SkiRentLogo.png","contentUrl":"https:\/\/skirentsestriere.com\/wp-content\/uploads\/2025\/06\/SkiRentLogo.png","width":520,"height":151,"caption":"Noleggio sci e snowboard"},"image":{"@id":"https:\/\/skirentsestriere.com\/#\/schema\/logo\/image\/"}}]}},"_links":{"self":[{"href":"https:\/\/skirentsestriere.com\/fr\/wp-json\/wp\/v2\/pages\/1393","targetHints":{"allow":["GET"]}}],"collection":[{"href":"https:\/\/skirentsestriere.com\/fr\/wp-json\/wp\/v2\/pages"}],"about":[{"href":"https:\/\/skirentsestriere.com\/fr\/wp-json\/wp\/v2\/types\/page"}],"author":[{"embeddable":true,"href":"https:\/\/skirentsestriere.com\/fr\/wp-json\/wp\/v2\/users\/2"}],"replies":[{"embeddable":true,"href":"https:\/\/skirentsestriere.com\/fr\/wp-json\/wp\/v2\/comments?post=1393"}],"version-history":[{"count":51,"href":"https:\/\/skirentsestriere.com\/fr\/wp-json\/wp\/v2\/pages\/1393\/revisions"}],"predecessor-version":[{"id":2404,"href":"https:\/\/skirentsestriere.com\/fr\/wp-json\/wp\/v2\/pages\/1393\/revisions\/2404"}],"wp:attachment":[{"href":"https:\/\/skirentsestriere.com\/fr\/wp-json\/wp\/v2\/media?parent=1393"}],"curies":[{"name":"wp","href":"https:\/\/api.w.org\/{rel}","templated":true}]}}