{"id":235,"date":"2025-06-18T13:59:35","date_gmt":"2025-06-18T12:59:35","guid":{"rendered":"https:\/\/skirentsestriere.com\/?page_id=235"},"modified":"2025-09-01T12:00:26","modified_gmt":"2025-09-01T11:00:26","slug":"privacy-policy-fr","status":"publish","type":"page","link":"https:\/\/skirentsestriere.com\/fr\/privacy-policy-fr\/","title":{"rendered":"Privacy Policy FR"},"content":{"rendered":"\n<div class=\"wp-block-columns is-layout-flex wp-container-core-columns-is-layout-28f84493 wp-block-columns-is-layout-flex\">\n<div class=\"wp-block-column has-global-padding is-layout-constrained wp-container-core-column-is-layout-7a3688e9 wp-block-column-is-layout-constrained\">\n<h2 class=\"wp-block-heading has-text-align-center\" style=\"margin-top:var(--wp--preset--spacing--30);margin-bottom:var(--wp--preset--spacing--20)\">Politique de confidentialit\u00e9<\/h2>\n\n\n\n<p>Les donn\u00e9es personnelles fournies lors de la navigation sur le Site seront trait\u00e9es conform\u00e9ment aux exigences du R\u00e8glement g\u00e9n\u00e9ral sur la protection des donn\u00e9es (R\u00e8glement UE 679\/2016 RGPD) . Veuillez lire attentivement cette politique de protection des donn\u00e9es.<\/p>\n\n\n\n<p>Les visiteurs du Site sont pri\u00e9s de contacter le responsable du traitement pour toute demande de clarification. Ces informations sont fournies conform\u00e9ment aux dispositions de l&rsquo;art. 13 du RGPD.&nbsp;<\/p>\n\n\n\n<h3 class=\"wp-block-heading\">Titulaire du traitement<\/h3>\n\n\n\n<p>Le propri\u00e9taire des donn\u00e9es personnelles collect\u00e9es sur ce site est <strong><strong><strong>Ski Golf S.R.L.<\/strong><\/strong><\/strong> (ci-apr\u00e8s le Responsable du traitement), dont le si\u00e8ge social est situ\u00e9 \u00e0 <strong><strong><strong>Via Pinerolo 4\/A \u2013 10058 \u2013 Sestriere (TO)<\/strong><\/strong><\/strong>, num\u00e9ro de t\u00e9l\u00e9phone <strong><strong><strong>+39 0122 76149<\/strong><\/strong><\/strong> et adresse e-mail: <strong><strong><strong>skirentsestriere@gmail.com<\/strong><\/strong><\/strong>.<\/p>\n\n\n\n<p>Il est du droit de toute personne acc\u00e9dant au Site d&rsquo;obtenir l&rsquo;acc\u00e8s aux donn\u00e9es personnelles et aux informations y aff\u00e9rentes. Les demandes relatives au traitement des donn\u00e9es personnelles doivent \u00eatre adress\u00e9es au responsable du traitement.<\/p>\n\n\n\n<h3 class=\"wp-block-heading\">Donn\u00e9es collect\u00e9es lors de la navigation<\/h3>\n\n\n\n<p>Lors de la navigation sur le Site, et \u00e9ventuellement lors de l&rsquo;inscription et\/ou de l&rsquo;envoi d&rsquo;e-mails aux adresses pr\u00e9sentes sur le Site, des donn\u00e9es sont collect\u00e9es. La fourniture de donn\u00e9es est facultative.<\/p>\n\n\n\n<p>L&rsquo;envoi d&rsquo;e-mails aux adresses du Site implique l&rsquo;acquisition de l&rsquo;adresse de l&rsquo;exp\u00e9diteur ainsi que de toute autre donn\u00e9e pr\u00e9sente dans celle-ci. Les donn\u00e9es personnelles que l&rsquo;utilisateur fournit sont enregistr\u00e9es et stock\u00e9es sur des supports \u00e9lectroniques et non \u00e9lectroniques, prot\u00e9g\u00e9es et trait\u00e9es avec des mesures de s\u00e9curit\u00e9 ad\u00e9quates, \u00e9galement en les associant et en les int\u00e9grant \u00e0 d&rsquo;autres sources d&rsquo;information.<\/p>\n\n\n\n<h3 class=\"wp-block-heading\">But du traitement<\/h3>\n\n\n\n<p>Le traitement des donn\u00e9es personnelles, y compris leur enregistrement, vise \u00e0 atteindre les finalit\u00e9s suivantes :<\/p>\n\n\n\n<ul class=\"wp-block-list\">\n<li>permettre la fourniture des services propos\u00e9s par le Propri\u00e9taire via le Site;<\/li>\n\n\n\n<li>communiquer avec l&rsquo;utilisateur du Site et r\u00e9pondre aux demandes de celui-ci;<\/li>\n\n\n\n<li>r\u00e9aliser des \u00e9tudes de march\u00e9 et des enqu\u00eates statistiques;<\/li>\n\n\n\n<li>\u00e9valuer l&rsquo;utilisation du Site et de son contenu afin d&rsquo;am\u00e9liorer sa convivialit\u00e9;<\/li>\n\n\n\n<li>pour l&rsquo;envoi de communications, y compris commerciales, de mat\u00e9riel publicitaire et \/ ou d&rsquo;offres de biens et de services.<\/li>\n<\/ul>\n\n\n\n<h3 class=\"wp-block-heading\">Droits de l&rsquo;utilisateur<\/h3>\n\n\n\n<ul class=\"wp-block-list\">\n<li>droit d\u2019acc\u00e9der \u00e0 leurs donn\u00e9es personnelles et notamment de recevoir des informations relatives:\n<ul class=\"wp-block-list\">\n<li>les finalit\u00e9s du traitement;<\/li>\n\n\n\n<li>les cat\u00e9gories de donn\u00e9es personnelles;<\/li>\n\n\n\n<li>des informations sur les sujets ou cat\u00e9gories de sujets auxquels les donn\u00e9es peuvent \u00eatre communiqu\u00e9es ou qui peuvent en prendre connaissance;<\/li>\n\n\n\n<li>la dur\u00e9e de conservation des donn\u00e9es ou les crit\u00e8res utilis\u00e9s pour d\u00e9terminer cette dur\u00e9e;<\/li>\n\n\n\n<li>les sources des donn\u00e9es si celles-ci n&rsquo;ont pas \u00e9t\u00e9 fournies directement par l&rsquo;utilisateur;<\/li>\n\n\n\n<li>l&rsquo;existence d&rsquo;un processus automatis\u00e9, y compris le profilage s&rsquo;il est appliqu\u00e9 et, dans ce cas, la logique utilis\u00e9e et les cons\u00e9quences attendues d&rsquo;un tel traitement pour la personne concern\u00e9e.<\/li>\n<\/ul>\n<\/li>\n<\/ul>\n\n\n\n<ul class=\"wp-block-list\">\n<li>droit d&rsquo;obtenir du responsable du traitement la rectification ou l&rsquo;annulation des donn\u00e9es personnelles (droit \u00e0 l&rsquo;oubli) ou la limitation du traitement des donn\u00e9es personnelles le concernant ou pour des motifs l\u00e9gitimes, \u00e0 leur traitement sans retard injustifi\u00e9;<\/li>\n\n\n\n<li>le droit, en cas de violation de vos droits, de saisir l&rsquo;autorit\u00e9 de contr\u00f4le;<\/li>\n\n\n\n<li>droit \u00e0 la portabilit\u00e9 des donn\u00e9es;<\/li>\n\n\n\n<li>droit d&rsquo;\u00eatre inform\u00e9 en cas de transfert de donn\u00e9es vers un pays tiers ou vers des organisations internationales et des garanties adopt\u00e9es.<\/li>\n<\/ul>\n\n\n\n<p>Le responsable du traitement doit fournir, sur demande, une copie des donn\u00e9es personnelles trait\u00e9es. En cas de demandes de copies suppl\u00e9mentaires par l&rsquo;int\u00e9ress\u00e9, le responsable du traitement peut facturer des frais bas\u00e9s sur les frais administratifs. Le droit d&rsquo;obtenir une copie ne doit pas porter atteinte aux droits et libert\u00e9s d&rsquo;autrui.<\/p>\n\n\n\n<h3 class=\"wp-block-heading\">La conservation des donn\u00e9es<\/h3>\n\n\n\n<p>Les donn\u00e9es personnelles sont conserv\u00e9es pendant toute la dur\u00e9e n\u00e9cessaire pour garantir la fourniture des services demand\u00e9s. Au terme de cette p\u00e9riode, les donn\u00e9es seront supprim\u00e9es.<\/p>\n\n\n\n<h3 class=\"wp-block-heading\">Traitement des donn\u00e9es et consentement de l&rsquo;int\u00e9ress\u00e9<\/h3>\n\n\n\n<p>Dans la plupart des cas, il vous est demand\u00e9 de donner votre consentement pour le traitement des donn\u00e9es ; pour les cas restants, la manifestation de leur consentement est d\u00e9duite des actions et comportements suivis par l&rsquo;int\u00e9ress\u00e9.<br>Dans certains cas, les utilisateurs peuvent \u00eatre tenus de fournir un consentement suppl\u00e9mentaire, si leurs donn\u00e9es personnelles devaient \u00eatre utilis\u00e9es \u00e0 des fins non pr\u00e9sentes dans la pr\u00e9sente politique de confidentialit\u00e9. En l&rsquo;absence d&rsquo;un tel consentement, la poursuite de certains services\/informations peut ne pas \u00eatre autoris\u00e9e.<\/p>\n\n\n\n<h3 class=\"wp-block-heading\">Lieu de traitement des donn\u00e9es<\/h3>\n\n\n\n<p>Le traitement des donn\u00e9es li\u00e9es aux services fournis par ce Site a lieu au si\u00e8ge du Responsable du traitement.<\/p>\n\n\n\n<h3 class=\"wp-block-heading\">Diffusion des donn\u00e9es<\/h3>\n\n\n\n<p>Les donn\u00e9es sont trait\u00e9es par le responsable du traitement ou par des collaborateurs autoris\u00e9s \u00e0 traiter les donn\u00e9es qui s&rsquo;engagent \u00e0 la confidentialit\u00e9 (article 28).<br>Les donn\u00e9es peuvent, uniquement en cas de stricte n\u00e9cessit\u00e9, \u00eatre mises \u00e0 la disposition de tiers et utilis\u00e9es par ces derniers dans le seul but de fournir les services demand\u00e9s par l&rsquo;utilisateur.<br>A la demande de l&rsquo;Autorit\u00e9, les donn\u00e9es pourront \u00eatre mises \u00e0 la disposition des autorit\u00e9s judiciaires ou polici\u00e8res pour rechercher les responsabilit\u00e9s en cas de d\u00e9lits informatiques contre le Site ou d&rsquo;infractions commises par l&rsquo;interm\u00e9diaire du Site.<\/p>\n\n\n\n<h3 class=\"wp-block-heading\">Type de donn\u00e9es trait\u00e9es<\/h3>\n\n\n\n<p>Afin d&rsquo;offrir des services personnalis\u00e9s v\u00e9hicul\u00e9s par le biais de son site Web, le responsable du traitement doit \u00eatre en mesure de traiter certains types de donn\u00e9es. Les donn\u00e9es personnelles consid\u00e9r\u00e9es dans cette politique de confidentialit\u00e9 sont des informations ou des parties d&rsquo;informations qui peuvent permettre l&rsquo;identification de la personne concern\u00e9e telles que : nom et pr\u00e9nom, adresse, code fiscal, adresse e-mail et num\u00e9ros de t\u00e9l\u00e9phone.<\/p>\n\n\n\n<h3 class=\"wp-block-heading\">Donn\u00e9es de navigation<\/h3>\n\n\n\n<p>Chaque fois que l&rsquo;utilisateur acc\u00e8de \u00e0 ce site et chaque fois qu&rsquo;il appelle ou demande du contenu, les donn\u00e9es d&rsquo;acc\u00e8s sont stock\u00e9es. Les donn\u00e9es stock\u00e9es contiennent des informations telles que:<\/p>\n\n\n\n<ul class=\"wp-block-list\">\n<li>le site Web \u00e0 partir duquel notre page a \u00e9t\u00e9 consult\u00e9e;<\/li>\n\n\n\n<li>votre adresse IP;<\/li>\n\n\n\n<li>la date et l&rsquo;heure de la demande ou de l&rsquo;acc\u00e8s;<\/li>\n\n\n\n<li>le navigateur, ses caract\u00e9ristiques techniques et fonctionnelles et le syst\u00e8me d&rsquo;exploitation utilis\u00e9;<\/li>\n\n\n\n<li>la m\u00eame demande de votre navigateur ou d&rsquo;un autre client, sous la forme d&rsquo;adresses de notation URI (Uniform Resource Identifier);<\/li>\n\n\n\n<li>le code technique de la r\u00e9ponse http obtenue du serveur;<\/li>\n\n\n\n<li>la quantit\u00e9 de donn\u00e9es transmises.<\/li>\n<\/ul>\n\n\n\n<p>Ces donn\u00e9es peuvent \u00eatre utilis\u00e9es par le Responsable du traitement dans le seul but d&rsquo;obtenir des informations statistiques anonymes sur l&rsquo;utilisation du Site afin d&rsquo;identifier les pages pr\u00e9f\u00e9r\u00e9es par les utilisateurs et ainsi fournir un contenu de plus en plus ad\u00e9quat et de v\u00e9rifier son bon fonctionnement.<\/p>\n\n\n\n<h3 class=\"wp-block-heading\">Liens vers d&rsquo;autres sites Web<\/h3>\n\n\n\n<p>Le Site peut contenir des liens vers d&rsquo;autres sites Internet et\/ou des applications tierces susceptibles d&rsquo;offrir des informations ou des services utiles aux visiteurs. Cette politique de confidentialit\u00e9 s&rsquo;applique \u00e0 ces sites uniquement si les m\u00eames sites n&rsquo;ont pas leur propre politique de confidentialit\u00e9 sp\u00e9cifique.<\/p>\n\n\n\n<h2 class=\"wp-block-heading\">Que sont les cookies ?<\/h2>\n\n\n\n<p>Un cookie est un petit fichier texte que les sites Web enregistrent sur l&rsquo;ordinateur ou l&rsquo;appareil mobile du visiteur. Gr\u00e2ce aux cookies, le site m\u00e9morise les actions et les pr\u00e9f\u00e9rences du navigateur (par exemple login, langue, taille de police et autres param\u00e8tres d&rsquo;affichage).<\/p>\n\n\n\n<h2 class=\"wp-block-heading\">Que sont les cookies techniques ?<\/h2>\n\n\n\n<p>Les cookies techniques sont ceux utilis\u00e9s dans le seul but de \u00ab\u00a0r\u00e9aliser la transmission d&rsquo;une communication sur un r\u00e9seau de communications \u00e9lectroniques, ou dans la mesure strictement n\u00e9cessaire au fournisseur d&rsquo;un service de la soci\u00e9t\u00e9 de l&rsquo;information explicitement demand\u00e9 par l&rsquo;abonn\u00e9 ou l&rsquo;utilisateur pour fournir ce service\u00a0\u00bb (voir art. 122, alin\u00e9a 1, du Code).<br>Ils ne sont pas utilis\u00e9s \u00e0 d&rsquo;autres fins et sont normalement install\u00e9s directement par le propri\u00e9taire ou le gestionnaire du site Web. Ils peuvent \u00eatre divis\u00e9s en : cookies de navigation ou de session, qui garantissent une navigation et une utilisation normales du site Web (permettant, par exemple, d&rsquo;effectuer un achat ou de s&rsquo;authentifier pour acc\u00e9der \u00e0 des zones restreintes) ; les cookies d&rsquo;analyse, similaires aux cookies techniques lorsqu&rsquo;ils sont utilis\u00e9s directement par le gestionnaire du site pour collecter des informations, sous forme agr\u00e9g\u00e9e, sur le nombre d&rsquo;utilisateurs et la mani\u00e8re dont ils visitent le site&nbsp;; les cookies de fonctionnalit\u00e9, qui permettent \u00e0 l&rsquo;utilisateur de naviguer selon une s\u00e9rie de crit\u00e8res s\u00e9lectionn\u00e9s (par exemple, la langue, les produits s\u00e9lectionn\u00e9s pour l&rsquo;achat) afin d&rsquo;am\u00e9liorer le service fourni.<\/p>\n\n\n\n<h3 class=\"wp-block-heading\">Que sont les cookies de profilage?<\/h3>\n\n\n\n<p>Il s&rsquo;agit de cookies utilis\u00e9s pour suivre la navigation de l&rsquo;utilisateur sur le r\u00e9seau et cr\u00e9er des profils sur ses go\u00fbts, ses habitudes, ses choix, etc. Gr\u00e2ce \u00e0 ces cookies, des messages publicitaires peuvent \u00eatre transmis au terminal de l&rsquo;utilisateur en fonction des pr\u00e9f\u00e9rences d\u00e9j\u00e0 exprim\u00e9es par ce m\u00eame utilisateur lors de sa navigation en ligne. Ce site n&rsquo;utilise pas de tels cookies.<\/p>\n\n\n\n<h3 class=\"wp-block-heading\">Quels cookies sont pr\u00e9sents sur ce site?<\/h3>\n\n\n\n<figure class=\"wp-block-table\"><table class=\"has-fixed-layout\"><thead><tr><th>Name<\/th><th>Cat\u00e9gorie<\/th><\/tr><\/thead><tbody><tr><td>Google Analytics<\/td><td>Cookies d&rsquo;analyse statistique<\/td><\/tr><tr><td>WPML <\/td><td>Cookie technique<\/td><\/tr><tr><td>Google reCAPTCHA<\/td><td>Cookie technique<\/td><\/tr><\/tbody><\/table><\/figure>\n\n\n\n<h3 class=\"wp-block-heading\">Est-il possible de d\u00e9sactiver tous les cookies?<\/h3>\n\n\n\n<p>Il est possible, via les param\u00e8tres de votre navigateur, de bloquer totalement l&rsquo;utilisation des cookies et de supprimer ceux d\u00e9j\u00e0 pr\u00e9sents sur votre ordinateur. En activant le blocage, il est possible que certains services ou certaines fonctions du site ne soient pas disponibles.<\/p>\n<\/div>\n<\/div>\n","protected":false},"excerpt":{"rendered":"<p>Politique de confidentialit\u00e9 Les donn\u00e9es personnelles fournies lors de la navigation sur le Site seront trait\u00e9es conform\u00e9ment aux exigences du R\u00e8glement g\u00e9n\u00e9ral sur la protection des donn\u00e9es (R\u00e8glement UE 679\/2016 RGPD) . Veuillez lire attentivement cette politique de protection des donn\u00e9es. Les visiteurs du Site sont pri\u00e9s de contacter le responsable du traitement pour toute [&hellip;]<\/p>\n","protected":false},"author":2,"featured_media":0,"parent":0,"menu_order":0,"comment_status":"closed","ping_status":"open","template":"page-no-title","meta":{"footnotes":""},"class_list":["post-235","page","type-page","status-publish","hentry"],"yoast_head":"<!-- This site is optimized with the Yoast SEO plugin v26.6 - https:\/\/yoast.com\/wordpress\/plugins\/seo\/ -->\n<title>Privacy Policy FR - Location de ski et de snowboard<\/title>\n<meta name=\"robots\" content=\"index, follow, max-snippet:-1, max-image-preview:large, max-video-preview:-1\" \/>\n<link rel=\"canonical\" href=\"https:\/\/skirentsestriere.com\/fr\/privacy-policy-fr\/\" \/>\n<meta property=\"og:locale\" content=\"fr_FR\" \/>\n<meta property=\"og:type\" content=\"article\" \/>\n<meta property=\"og:title\" content=\"Privacy Policy FR - Location de ski et de snowboard\" \/>\n<meta property=\"og:description\" content=\"Politique de confidentialit\u00e9 Les donn\u00e9es personnelles fournies lors de la navigation sur le Site seront trait\u00e9es conform\u00e9ment aux exigences du R\u00e8glement g\u00e9n\u00e9ral sur la protection des donn\u00e9es (R\u00e8glement UE 679\/2016 RGPD) . Veuillez lire attentivement cette politique de protection des donn\u00e9es. Les visiteurs du Site sont pri\u00e9s de contacter le responsable du traitement pour toute [&hellip;]\" \/>\n<meta property=\"og:url\" content=\"https:\/\/skirentsestriere.com\/fr\/privacy-policy-fr\/\" \/>\n<meta property=\"og:site_name\" content=\"Location de ski et de snowboard\" \/>\n<meta property=\"article:modified_time\" content=\"2025-09-01T11:00:26+00:00\" \/>\n<meta name=\"twitter:card\" content=\"summary_large_image\" \/>\n<meta name=\"twitter:label1\" content=\"Dur\u00e9e de lecture estim\u00e9e\" \/>\n\t<meta name=\"twitter:data1\" content=\"8 minutes\" \/>\n<script type=\"application\/ld+json\" class=\"yoast-schema-graph\">{\"@context\":\"https:\/\/schema.org\",\"@graph\":[{\"@type\":\"WebPage\",\"@id\":\"https:\/\/skirentsestriere.com\/fr\/privacy-policy-fr\/\",\"url\":\"https:\/\/skirentsestriere.com\/fr\/privacy-policy-fr\/\",\"name\":\"Privacy Policy FR - Location de ski et de snowboard\",\"isPartOf\":{\"@id\":\"https:\/\/skirentsestriere.com\/#website\"},\"datePublished\":\"2025-06-18T12:59:35+00:00\",\"dateModified\":\"2025-09-01T11:00:26+00:00\",\"breadcrumb\":{\"@id\":\"https:\/\/skirentsestriere.com\/fr\/privacy-policy-fr\/#breadcrumb\"},\"inLanguage\":\"fr-FR\",\"potentialAction\":[{\"@type\":\"ReadAction\",\"target\":[\"https:\/\/skirentsestriere.com\/fr\/privacy-policy-fr\/\"]}]},{\"@type\":\"BreadcrumbList\",\"@id\":\"https:\/\/skirentsestriere.com\/fr\/privacy-policy-fr\/#breadcrumb\",\"itemListElement\":[{\"@type\":\"ListItem\",\"position\":1,\"name\":\"Home\",\"item\":\"https:\/\/skirentsestriere.com\/fr\/\"},{\"@type\":\"ListItem\",\"position\":2,\"name\":\"Privacy Policy FR\"}]},{\"@type\":\"WebSite\",\"@id\":\"https:\/\/skirentsestriere.com\/#website\",\"url\":\"https:\/\/skirentsestriere.com\/\",\"name\":\"Noleggio sci e snowboard\",\"description\":\"\",\"publisher\":{\"@id\":\"https:\/\/skirentsestriere.com\/#organization\"},\"potentialAction\":[{\"@type\":\"SearchAction\",\"target\":{\"@type\":\"EntryPoint\",\"urlTemplate\":\"https:\/\/skirentsestriere.com\/?s={search_term_string}\"},\"query-input\":{\"@type\":\"PropertyValueSpecification\",\"valueRequired\":true,\"valueName\":\"search_term_string\"}}],\"inLanguage\":\"fr-FR\"},{\"@type\":\"Organization\",\"@id\":\"https:\/\/skirentsestriere.com\/#organization\",\"name\":\"Noleggio sci e snowboard\",\"url\":\"https:\/\/skirentsestriere.com\/\",\"logo\":{\"@type\":\"ImageObject\",\"inLanguage\":\"fr-FR\",\"@id\":\"https:\/\/skirentsestriere.com\/#\/schema\/logo\/image\/\",\"url\":\"https:\/\/skirentsestriere.com\/wp-content\/uploads\/2025\/06\/SkiRentLogo.png\",\"contentUrl\":\"https:\/\/skirentsestriere.com\/wp-content\/uploads\/2025\/06\/SkiRentLogo.png\",\"width\":520,\"height\":151,\"caption\":\"Noleggio sci e snowboard\"},\"image\":{\"@id\":\"https:\/\/skirentsestriere.com\/#\/schema\/logo\/image\/\"}}]}<\/script>\n<!-- \/ Yoast SEO plugin. -->","yoast_head_json":{"title":"Privacy Policy FR - Location de ski et de snowboard","robots":{"index":"index","follow":"follow","max-snippet":"max-snippet:-1","max-image-preview":"max-image-preview:large","max-video-preview":"max-video-preview:-1"},"canonical":"https:\/\/skirentsestriere.com\/fr\/privacy-policy-fr\/","og_locale":"fr_FR","og_type":"article","og_title":"Privacy Policy FR - Location de ski et de snowboard","og_description":"Politique de confidentialit\u00e9 Les donn\u00e9es personnelles fournies lors de la navigation sur le Site seront trait\u00e9es conform\u00e9ment aux exigences du R\u00e8glement g\u00e9n\u00e9ral sur la protection des donn\u00e9es (R\u00e8glement UE 679\/2016 RGPD) . Veuillez lire attentivement cette politique de protection des donn\u00e9es. Les visiteurs du Site sont pri\u00e9s de contacter le responsable du traitement pour toute [&hellip;]","og_url":"https:\/\/skirentsestriere.com\/fr\/privacy-policy-fr\/","og_site_name":"Location de ski et de snowboard","article_modified_time":"2025-09-01T11:00:26+00:00","twitter_card":"summary_large_image","twitter_misc":{"Dur\u00e9e de lecture estim\u00e9e":"8 minutes"},"schema":{"@context":"https:\/\/schema.org","@graph":[{"@type":"WebPage","@id":"https:\/\/skirentsestriere.com\/fr\/privacy-policy-fr\/","url":"https:\/\/skirentsestriere.com\/fr\/privacy-policy-fr\/","name":"Privacy Policy FR - Location de ski et de snowboard","isPartOf":{"@id":"https:\/\/skirentsestriere.com\/#website"},"datePublished":"2025-06-18T12:59:35+00:00","dateModified":"2025-09-01T11:00:26+00:00","breadcrumb":{"@id":"https:\/\/skirentsestriere.com\/fr\/privacy-policy-fr\/#breadcrumb"},"inLanguage":"fr-FR","potentialAction":[{"@type":"ReadAction","target":["https:\/\/skirentsestriere.com\/fr\/privacy-policy-fr\/"]}]},{"@type":"BreadcrumbList","@id":"https:\/\/skirentsestriere.com\/fr\/privacy-policy-fr\/#breadcrumb","itemListElement":[{"@type":"ListItem","position":1,"name":"Home","item":"https:\/\/skirentsestriere.com\/fr\/"},{"@type":"ListItem","position":2,"name":"Privacy Policy FR"}]},{"@type":"WebSite","@id":"https:\/\/skirentsestriere.com\/#website","url":"https:\/\/skirentsestriere.com\/","name":"Noleggio sci e snowboard","description":"","publisher":{"@id":"https:\/\/skirentsestriere.com\/#organization"},"potentialAction":[{"@type":"SearchAction","target":{"@type":"EntryPoint","urlTemplate":"https:\/\/skirentsestriere.com\/?s={search_term_string}"},"query-input":{"@type":"PropertyValueSpecification","valueRequired":true,"valueName":"search_term_string"}}],"inLanguage":"fr-FR"},{"@type":"Organization","@id":"https:\/\/skirentsestriere.com\/#organization","name":"Noleggio sci e snowboard","url":"https:\/\/skirentsestriere.com\/","logo":{"@type":"ImageObject","inLanguage":"fr-FR","@id":"https:\/\/skirentsestriere.com\/#\/schema\/logo\/image\/","url":"https:\/\/skirentsestriere.com\/wp-content\/uploads\/2025\/06\/SkiRentLogo.png","contentUrl":"https:\/\/skirentsestriere.com\/wp-content\/uploads\/2025\/06\/SkiRentLogo.png","width":520,"height":151,"caption":"Noleggio sci e snowboard"},"image":{"@id":"https:\/\/skirentsestriere.com\/#\/schema\/logo\/image\/"}}]}},"_links":{"self":[{"href":"https:\/\/skirentsestriere.com\/fr\/wp-json\/wp\/v2\/pages\/235","targetHints":{"allow":["GET"]}}],"collection":[{"href":"https:\/\/skirentsestriere.com\/fr\/wp-json\/wp\/v2\/pages"}],"about":[{"href":"https:\/\/skirentsestriere.com\/fr\/wp-json\/wp\/v2\/types\/page"}],"author":[{"embeddable":true,"href":"https:\/\/skirentsestriere.com\/fr\/wp-json\/wp\/v2\/users\/2"}],"replies":[{"embeddable":true,"href":"https:\/\/skirentsestriere.com\/fr\/wp-json\/wp\/v2\/comments?post=235"}],"version-history":[{"count":4,"href":"https:\/\/skirentsestriere.com\/fr\/wp-json\/wp\/v2\/pages\/235\/revisions"}],"predecessor-version":[{"id":1606,"href":"https:\/\/skirentsestriere.com\/fr\/wp-json\/wp\/v2\/pages\/235\/revisions\/1606"}],"wp:attachment":[{"href":"https:\/\/skirentsestriere.com\/fr\/wp-json\/wp\/v2\/media?parent=235"}],"curies":[{"name":"wp","href":"https:\/\/api.w.org\/{rel}","templated":true}]}}