{"id":136,"date":"2025-06-23T10:10:01","date_gmt":"2025-06-23T09:10:01","guid":{"rendered":"https:\/\/skirentsestriere.com\/?post_type=product&#038;p=136"},"modified":"2025-06-25T15:57:57","modified_gmt":"2025-06-25T14:57:57","slug":"ski-bronze","status":"publish","type":"product","link":"https:\/\/skirentsestriere.com\/fr\/prodotto\/ski-bronze\/","title":{"rendered":"Ski bronze"},"content":{"rendered":"<p>Ski facile \u00e0 conduire, caract\u00e9ris\u00e9 par leur l\u00e9g\u00e8ret\u00e9 et leur flexibilit\u00e9, il vous permettra un apprentissage rapide et intuitif.<br \/>\nLe Moniteur conseille les skis Bronze aux skieurs d\u00e9butants et \u00e0 ceux qui font leurs premiers virages sur la neige, niveaux 1 et 2.<br \/>\nEn louant les skis chez nous, les b\u00e2tons vous seront lou\u00e9s louez gratuitement.<\/p>\n","protected":false},"excerpt":{"rendered":"<p>Ski facile \u00e0 conduire, caract\u00e9ris\u00e9 par leur l\u00e9g\u00e8ret\u00e9 et leur flexibilit\u00e9.<\/p>\n","protected":false},"featured_media":1091,"comment_status":"closed","ping_status":"closed","template":"","meta":[],"product_brand":[],"product_cat":[33],"product_tag":[],"class_list":{"0":"post-136","1":"product","2":"type-product","3":"status-publish","4":"has-post-thumbnail","6":"product_cat-ski-fr","8":"first","9":"instock","10":"virtual","11":"purchasable","12":"product-type-simple"},"yoast_head":"<!-- This site is optimized with the Yoast SEO plugin v27.4 - https:\/\/yoast.com\/product\/yoast-seo-wordpress\/ -->\n<title>Ski bronze - Location de ski et de snowboard<\/title>\n<meta name=\"robots\" content=\"index, follow, max-snippet:-1, max-image-preview:large, max-video-preview:-1\" \/>\n<link rel=\"canonical\" href=\"https:\/\/skirentsestriere.com\/fr\/prodotto\/ski-bronze\/\" \/>\n<meta property=\"og:locale\" content=\"fr_FR\" \/>\n<meta property=\"og:type\" content=\"article\" \/>\n<meta property=\"og:title\" content=\"Ski bronze - Location de ski et de snowboard\" \/>\n<meta property=\"og:description\" content=\"Ski facile \u00e0 conduire, caract\u00e9ris\u00e9 par leur l\u00e9g\u00e8ret\u00e9 et leur flexibilit\u00e9.\" \/>\n<meta property=\"og:url\" content=\"https:\/\/skirentsestriere.com\/fr\/prodotto\/ski-bronze\/\" \/>\n<meta property=\"og:site_name\" content=\"Location de ski et de snowboard\" \/>\n<meta property=\"article:modified_time\" content=\"2025-06-25T14:57:57+00:00\" \/>\n<meta property=\"og:image\" content=\"https:\/\/skirentsestriere.com\/wp-content\/uploads\/2025\/08\/Sci_bronzo.png\" \/>\n\t<meta property=\"og:image:width\" content=\"496\" \/>\n\t<meta property=\"og:image:height\" content=\"480\" \/>\n\t<meta property=\"og:image:type\" content=\"image\/png\" \/>\n<meta name=\"twitter:card\" content=\"summary_large_image\" \/>\n<script type=\"application\/ld+json\" class=\"yoast-schema-graph\">{\"@context\":\"https:\\\/\\\/schema.org\",\"@graph\":[{\"@type\":\"WebPage\",\"@id\":\"https:\\\/\\\/skirentsestriere.com\\\/fr\\\/prodotto\\\/ski-bronze\\\/\",\"url\":\"https:\\\/\\\/skirentsestriere.com\\\/fr\\\/prodotto\\\/ski-bronze\\\/\",\"name\":\"Ski bronze - Location de ski et de snowboard\",\"isPartOf\":{\"@id\":\"https:\\\/\\\/skirentsestriere.com\\\/#website\"},\"primaryImageOfPage\":{\"@id\":\"https:\\\/\\\/skirentsestriere.com\\\/fr\\\/prodotto\\\/ski-bronze\\\/#primaryimage\"},\"image\":{\"@id\":\"https:\\\/\\\/skirentsestriere.com\\\/fr\\\/prodotto\\\/ski-bronze\\\/#primaryimage\"},\"thumbnailUrl\":\"https:\\\/\\\/skirentsestriere.com\\\/wp-content\\\/uploads\\\/2025\\\/08\\\/Sci_bronzo.png\",\"datePublished\":\"2025-06-23T09:10:01+00:00\",\"dateModified\":\"2025-06-25T14:57:57+00:00\",\"breadcrumb\":{\"@id\":\"https:\\\/\\\/skirentsestriere.com\\\/fr\\\/prodotto\\\/ski-bronze\\\/#breadcrumb\"},\"inLanguage\":\"fr-FR\",\"potentialAction\":[{\"@type\":\"ReadAction\",\"target\":[\"https:\\\/\\\/skirentsestriere.com\\\/fr\\\/prodotto\\\/ski-bronze\\\/\"]}]},{\"@type\":\"ImageObject\",\"inLanguage\":\"fr-FR\",\"@id\":\"https:\\\/\\\/skirentsestriere.com\\\/fr\\\/prodotto\\\/ski-bronze\\\/#primaryimage\",\"url\":\"https:\\\/\\\/skirentsestriere.com\\\/wp-content\\\/uploads\\\/2025\\\/08\\\/Sci_bronzo.png\",\"contentUrl\":\"https:\\\/\\\/skirentsestriere.com\\\/wp-content\\\/uploads\\\/2025\\\/08\\\/Sci_bronzo.png\",\"width\":496,\"height\":480},{\"@type\":\"BreadcrumbList\",\"@id\":\"https:\\\/\\\/skirentsestriere.com\\\/fr\\\/prodotto\\\/ski-bronze\\\/#breadcrumb\",\"itemListElement\":[{\"@type\":\"ListItem\",\"position\":1,\"name\":\"Home\",\"item\":\"https:\\\/\\\/skirentsestriere.com\\\/fr\\\/\"},{\"@type\":\"ListItem\",\"position\":2,\"name\":\"Boutique\",\"item\":\"https:\\\/\\\/skirentsestriere.com\\\/fr\\\/boutique\\\/\"},{\"@type\":\"ListItem\",\"position\":3,\"name\":\"Ski bronze\"}]},{\"@type\":\"WebSite\",\"@id\":\"https:\\\/\\\/skirentsestriere.com\\\/#website\",\"url\":\"https:\\\/\\\/skirentsestriere.com\\\/\",\"name\":\"Noleggio sci e snowboard\",\"description\":\"\",\"publisher\":{\"@id\":\"https:\\\/\\\/skirentsestriere.com\\\/#organization\"},\"potentialAction\":[{\"@type\":\"SearchAction\",\"target\":{\"@type\":\"EntryPoint\",\"urlTemplate\":\"https:\\\/\\\/skirentsestriere.com\\\/?s={search_term_string}\"},\"query-input\":{\"@type\":\"PropertyValueSpecification\",\"valueRequired\":true,\"valueName\":\"search_term_string\"}}],\"inLanguage\":\"fr-FR\"},{\"@type\":\"Organization\",\"@id\":\"https:\\\/\\\/skirentsestriere.com\\\/#organization\",\"name\":\"Noleggio sci e snowboard\",\"url\":\"https:\\\/\\\/skirentsestriere.com\\\/\",\"logo\":{\"@type\":\"ImageObject\",\"inLanguage\":\"fr-FR\",\"@id\":\"https:\\\/\\\/skirentsestriere.com\\\/#\\\/schema\\\/logo\\\/image\\\/\",\"url\":\"https:\\\/\\\/skirentsestriere.com\\\/wp-content\\\/uploads\\\/2025\\\/06\\\/SkiRentLogo.png\",\"contentUrl\":\"https:\\\/\\\/skirentsestriere.com\\\/wp-content\\\/uploads\\\/2025\\\/06\\\/SkiRentLogo.png\",\"width\":520,\"height\":151,\"caption\":\"Noleggio sci e snowboard\"},\"image\":{\"@id\":\"https:\\\/\\\/skirentsestriere.com\\\/#\\\/schema\\\/logo\\\/image\\\/\"}}]}<\/script>\n<!-- \/ Yoast SEO plugin. -->","yoast_head_json":{"title":"Ski bronze - Location de ski et de snowboard","robots":{"index":"index","follow":"follow","max-snippet":"max-snippet:-1","max-image-preview":"max-image-preview:large","max-video-preview":"max-video-preview:-1"},"canonical":"https:\/\/skirentsestriere.com\/fr\/prodotto\/ski-bronze\/","og_locale":"fr_FR","og_type":"article","og_title":"Ski bronze - Location de ski et de snowboard","og_description":"Ski facile \u00e0 conduire, caract\u00e9ris\u00e9 par leur l\u00e9g\u00e8ret\u00e9 et leur flexibilit\u00e9.","og_url":"https:\/\/skirentsestriere.com\/fr\/prodotto\/ski-bronze\/","og_site_name":"Location de ski et de snowboard","article_modified_time":"2025-06-25T14:57:57+00:00","og_image":[{"width":496,"height":480,"url":"https:\/\/skirentsestriere.com\/wp-content\/uploads\/2025\/08\/Sci_bronzo.png","type":"image\/png"}],"twitter_card":"summary_large_image","schema":{"@context":"https:\/\/schema.org","@graph":[{"@type":"WebPage","@id":"https:\/\/skirentsestriere.com\/fr\/prodotto\/ski-bronze\/","url":"https:\/\/skirentsestriere.com\/fr\/prodotto\/ski-bronze\/","name":"Ski bronze - Location de ski et de snowboard","isPartOf":{"@id":"https:\/\/skirentsestriere.com\/#website"},"primaryImageOfPage":{"@id":"https:\/\/skirentsestriere.com\/fr\/prodotto\/ski-bronze\/#primaryimage"},"image":{"@id":"https:\/\/skirentsestriere.com\/fr\/prodotto\/ski-bronze\/#primaryimage"},"thumbnailUrl":"https:\/\/skirentsestriere.com\/wp-content\/uploads\/2025\/08\/Sci_bronzo.png","datePublished":"2025-06-23T09:10:01+00:00","dateModified":"2025-06-25T14:57:57+00:00","breadcrumb":{"@id":"https:\/\/skirentsestriere.com\/fr\/prodotto\/ski-bronze\/#breadcrumb"},"inLanguage":"fr-FR","potentialAction":[{"@type":"ReadAction","target":["https:\/\/skirentsestriere.com\/fr\/prodotto\/ski-bronze\/"]}]},{"@type":"ImageObject","inLanguage":"fr-FR","@id":"https:\/\/skirentsestriere.com\/fr\/prodotto\/ski-bronze\/#primaryimage","url":"https:\/\/skirentsestriere.com\/wp-content\/uploads\/2025\/08\/Sci_bronzo.png","contentUrl":"https:\/\/skirentsestriere.com\/wp-content\/uploads\/2025\/08\/Sci_bronzo.png","width":496,"height":480},{"@type":"BreadcrumbList","@id":"https:\/\/skirentsestriere.com\/fr\/prodotto\/ski-bronze\/#breadcrumb","itemListElement":[{"@type":"ListItem","position":1,"name":"Home","item":"https:\/\/skirentsestriere.com\/fr\/"},{"@type":"ListItem","position":2,"name":"Boutique","item":"https:\/\/skirentsestriere.com\/fr\/boutique\/"},{"@type":"ListItem","position":3,"name":"Ski bronze"}]},{"@type":"WebSite","@id":"https:\/\/skirentsestriere.com\/#website","url":"https:\/\/skirentsestriere.com\/","name":"Noleggio sci e snowboard","description":"","publisher":{"@id":"https:\/\/skirentsestriere.com\/#organization"},"potentialAction":[{"@type":"SearchAction","target":{"@type":"EntryPoint","urlTemplate":"https:\/\/skirentsestriere.com\/?s={search_term_string}"},"query-input":{"@type":"PropertyValueSpecification","valueRequired":true,"valueName":"search_term_string"}}],"inLanguage":"fr-FR"},{"@type":"Organization","@id":"https:\/\/skirentsestriere.com\/#organization","name":"Noleggio sci e snowboard","url":"https:\/\/skirentsestriere.com\/","logo":{"@type":"ImageObject","inLanguage":"fr-FR","@id":"https:\/\/skirentsestriere.com\/#\/schema\/logo\/image\/","url":"https:\/\/skirentsestriere.com\/wp-content\/uploads\/2025\/06\/SkiRentLogo.png","contentUrl":"https:\/\/skirentsestriere.com\/wp-content\/uploads\/2025\/06\/SkiRentLogo.png","width":520,"height":151,"caption":"Noleggio sci e snowboard"},"image":{"@id":"https:\/\/skirentsestriere.com\/#\/schema\/logo\/image\/"}}]}},"_links":{"self":[{"href":"https:\/\/skirentsestriere.com\/fr\/wp-json\/wp\/v2\/product\/136","targetHints":{"allow":["GET"]}}],"collection":[{"href":"https:\/\/skirentsestriere.com\/fr\/wp-json\/wp\/v2\/product"}],"about":[{"href":"https:\/\/skirentsestriere.com\/fr\/wp-json\/wp\/v2\/types\/product"}],"replies":[{"embeddable":true,"href":"https:\/\/skirentsestriere.com\/fr\/wp-json\/wp\/v2\/comments?post=136"}],"wp:featuredmedia":[{"embeddable":true,"href":"https:\/\/skirentsestriere.com\/fr\/wp-json\/wp\/v2\/media\/1091"}],"wp:attachment":[{"href":"https:\/\/skirentsestriere.com\/fr\/wp-json\/wp\/v2\/media?parent=136"}],"wp:term":[{"taxonomy":"product_brand","embeddable":true,"href":"https:\/\/skirentsestriere.com\/fr\/wp-json\/wp\/v2\/product_brand?post=136"},{"taxonomy":"product_cat","embeddable":true,"href":"https:\/\/skirentsestriere.com\/fr\/wp-json\/wp\/v2\/product_cat?post=136"},{"taxonomy":"product_tag","embeddable":true,"href":"https:\/\/skirentsestriere.com\/fr\/wp-json\/wp\/v2\/product_tag?post=136"}],"curies":[{"name":"wp","href":"https:\/\/api.w.org\/{rel}","templated":true}]}}