{"id":142,"date":"2025-06-23T11:04:02","date_gmt":"2025-06-23T10:04:02","guid":{"rendered":"https:\/\/skirentsestriere.com\/?post_type=product&#038;p=142"},"modified":"2025-06-26T09:16:28","modified_gmt":"2025-06-26T08:16:28","slug":"ski-freeride","status":"publish","type":"product","link":"https:\/\/skirentsestriere.com\/fr\/prodotto\/ski-freeride\/","title":{"rendered":"Ski freeride"},"content":{"rendered":"<p>Location de ski freeride Sestriere. Bienvenues dans le monde du freeride !<br \/>\nLibre de skier hors-piste sur la neige poudreuse &#8211; la mythique \u00ab\u00a0powder\u00a0\u00bb &#8211; le ski de freeride vous permettra de dessiner facilement des courbes \u00e0 couper le souffle sur des pentes inexplor\u00e9es. La technologie \u00ab\u00a0Rocker technologies\u00a0\u00bb et la spatule plus large, vous feront flotter sur le manteau neigeux !!<br \/>\nLe Moniteur les conseille \u00e0 un skieur exp\u00e9riment\u00e9 qui recherche le contact direct avec la nature.<\/p>\n","protected":false},"excerpt":{"rendered":"<p>Bienvenues dans le monde du freeride !<\/p>\n","protected":false},"featured_media":1085,"comment_status":"closed","ping_status":"closed","template":"","meta":[],"product_brand":[],"product_cat":[33],"product_tag":[],"class_list":{"0":"post-142","1":"product","2":"type-product","3":"status-publish","4":"has-post-thumbnail","6":"product_cat-ski-fr","8":"first","9":"instock","10":"virtual","11":"purchasable","12":"product-type-simple"},"yoast_head":"<!-- This site is optimized with the Yoast SEO plugin v27.4 - https:\/\/yoast.com\/product\/yoast-seo-wordpress\/ -->\n<title>Ski freeride - Location de ski et de snowboard<\/title>\n<meta name=\"robots\" content=\"index, follow, max-snippet:-1, max-image-preview:large, max-video-preview:-1\" \/>\n<link rel=\"canonical\" href=\"https:\/\/skirentsestriere.com\/fr\/prodotto\/ski-freeride\/\" \/>\n<meta property=\"og:locale\" content=\"fr_FR\" \/>\n<meta property=\"og:type\" content=\"article\" \/>\n<meta property=\"og:title\" content=\"Ski freeride - Location de ski et de snowboard\" \/>\n<meta property=\"og:description\" content=\"Bienvenues dans le monde du freeride !\" \/>\n<meta property=\"og:url\" content=\"https:\/\/skirentsestriere.com\/fr\/prodotto\/ski-freeride\/\" \/>\n<meta property=\"og:site_name\" content=\"Location de ski et de snowboard\" \/>\n<meta property=\"article:modified_time\" content=\"2025-06-26T08:16:28+00:00\" \/>\n<meta property=\"og:image\" content=\"https:\/\/skirentsestriere.com\/wp-content\/uploads\/2025\/08\/Sci_freeride.jpg\" \/>\n\t<meta property=\"og:image:width\" content=\"400\" \/>\n\t<meta property=\"og:image:height\" content=\"400\" \/>\n\t<meta property=\"og:image:type\" content=\"image\/jpeg\" \/>\n<meta name=\"twitter:card\" content=\"summary_large_image\" \/>\n<script type=\"application\/ld+json\" class=\"yoast-schema-graph\">{\"@context\":\"https:\\\/\\\/schema.org\",\"@graph\":[{\"@type\":\"WebPage\",\"@id\":\"https:\\\/\\\/skirentsestriere.com\\\/fr\\\/prodotto\\\/ski-freeride\\\/\",\"url\":\"https:\\\/\\\/skirentsestriere.com\\\/fr\\\/prodotto\\\/ski-freeride\\\/\",\"name\":\"Ski freeride - Location de ski et de snowboard\",\"isPartOf\":{\"@id\":\"https:\\\/\\\/skirentsestriere.com\\\/#website\"},\"primaryImageOfPage\":{\"@id\":\"https:\\\/\\\/skirentsestriere.com\\\/fr\\\/prodotto\\\/ski-freeride\\\/#primaryimage\"},\"image\":{\"@id\":\"https:\\\/\\\/skirentsestriere.com\\\/fr\\\/prodotto\\\/ski-freeride\\\/#primaryimage\"},\"thumbnailUrl\":\"https:\\\/\\\/skirentsestriere.com\\\/wp-content\\\/uploads\\\/2025\\\/08\\\/Sci_freeride.jpg\",\"datePublished\":\"2025-06-23T10:04:02+00:00\",\"dateModified\":\"2025-06-26T08:16:28+00:00\",\"breadcrumb\":{\"@id\":\"https:\\\/\\\/skirentsestriere.com\\\/fr\\\/prodotto\\\/ski-freeride\\\/#breadcrumb\"},\"inLanguage\":\"fr-FR\",\"potentialAction\":[{\"@type\":\"ReadAction\",\"target\":[\"https:\\\/\\\/skirentsestriere.com\\\/fr\\\/prodotto\\\/ski-freeride\\\/\"]}]},{\"@type\":\"ImageObject\",\"inLanguage\":\"fr-FR\",\"@id\":\"https:\\\/\\\/skirentsestriere.com\\\/fr\\\/prodotto\\\/ski-freeride\\\/#primaryimage\",\"url\":\"https:\\\/\\\/skirentsestriere.com\\\/wp-content\\\/uploads\\\/2025\\\/08\\\/Sci_freeride.jpg\",\"contentUrl\":\"https:\\\/\\\/skirentsestriere.com\\\/wp-content\\\/uploads\\\/2025\\\/08\\\/Sci_freeride.jpg\",\"width\":400,\"height\":400},{\"@type\":\"BreadcrumbList\",\"@id\":\"https:\\\/\\\/skirentsestriere.com\\\/fr\\\/prodotto\\\/ski-freeride\\\/#breadcrumb\",\"itemListElement\":[{\"@type\":\"ListItem\",\"position\":1,\"name\":\"Home\",\"item\":\"https:\\\/\\\/skirentsestriere.com\\\/fr\\\/\"},{\"@type\":\"ListItem\",\"position\":2,\"name\":\"Boutique\",\"item\":\"https:\\\/\\\/skirentsestriere.com\\\/fr\\\/boutique\\\/\"},{\"@type\":\"ListItem\",\"position\":3,\"name\":\"Ski freeride\"}]},{\"@type\":\"WebSite\",\"@id\":\"https:\\\/\\\/skirentsestriere.com\\\/#website\",\"url\":\"https:\\\/\\\/skirentsestriere.com\\\/\",\"name\":\"Noleggio sci e snowboard\",\"description\":\"\",\"publisher\":{\"@id\":\"https:\\\/\\\/skirentsestriere.com\\\/#organization\"},\"potentialAction\":[{\"@type\":\"SearchAction\",\"target\":{\"@type\":\"EntryPoint\",\"urlTemplate\":\"https:\\\/\\\/skirentsestriere.com\\\/?s={search_term_string}\"},\"query-input\":{\"@type\":\"PropertyValueSpecification\",\"valueRequired\":true,\"valueName\":\"search_term_string\"}}],\"inLanguage\":\"fr-FR\"},{\"@type\":\"Organization\",\"@id\":\"https:\\\/\\\/skirentsestriere.com\\\/#organization\",\"name\":\"Noleggio sci e snowboard\",\"url\":\"https:\\\/\\\/skirentsestriere.com\\\/\",\"logo\":{\"@type\":\"ImageObject\",\"inLanguage\":\"fr-FR\",\"@id\":\"https:\\\/\\\/skirentsestriere.com\\\/#\\\/schema\\\/logo\\\/image\\\/\",\"url\":\"https:\\\/\\\/skirentsestriere.com\\\/wp-content\\\/uploads\\\/2025\\\/06\\\/SkiRentLogo.png\",\"contentUrl\":\"https:\\\/\\\/skirentsestriere.com\\\/wp-content\\\/uploads\\\/2025\\\/06\\\/SkiRentLogo.png\",\"width\":520,\"height\":151,\"caption\":\"Noleggio sci e snowboard\"},\"image\":{\"@id\":\"https:\\\/\\\/skirentsestriere.com\\\/#\\\/schema\\\/logo\\\/image\\\/\"}}]}<\/script>\n<!-- \/ Yoast SEO plugin. -->","yoast_head_json":{"title":"Ski freeride - Location de ski et de snowboard","robots":{"index":"index","follow":"follow","max-snippet":"max-snippet:-1","max-image-preview":"max-image-preview:large","max-video-preview":"max-video-preview:-1"},"canonical":"https:\/\/skirentsestriere.com\/fr\/prodotto\/ski-freeride\/","og_locale":"fr_FR","og_type":"article","og_title":"Ski freeride - Location de ski et de snowboard","og_description":"Bienvenues dans le monde du freeride !","og_url":"https:\/\/skirentsestriere.com\/fr\/prodotto\/ski-freeride\/","og_site_name":"Location de ski et de snowboard","article_modified_time":"2025-06-26T08:16:28+00:00","og_image":[{"width":400,"height":400,"url":"https:\/\/skirentsestriere.com\/wp-content\/uploads\/2025\/08\/Sci_freeride.jpg","type":"image\/jpeg"}],"twitter_card":"summary_large_image","schema":{"@context":"https:\/\/schema.org","@graph":[{"@type":"WebPage","@id":"https:\/\/skirentsestriere.com\/fr\/prodotto\/ski-freeride\/","url":"https:\/\/skirentsestriere.com\/fr\/prodotto\/ski-freeride\/","name":"Ski freeride - Location de ski et de snowboard","isPartOf":{"@id":"https:\/\/skirentsestriere.com\/#website"},"primaryImageOfPage":{"@id":"https:\/\/skirentsestriere.com\/fr\/prodotto\/ski-freeride\/#primaryimage"},"image":{"@id":"https:\/\/skirentsestriere.com\/fr\/prodotto\/ski-freeride\/#primaryimage"},"thumbnailUrl":"https:\/\/skirentsestriere.com\/wp-content\/uploads\/2025\/08\/Sci_freeride.jpg","datePublished":"2025-06-23T10:04:02+00:00","dateModified":"2025-06-26T08:16:28+00:00","breadcrumb":{"@id":"https:\/\/skirentsestriere.com\/fr\/prodotto\/ski-freeride\/#breadcrumb"},"inLanguage":"fr-FR","potentialAction":[{"@type":"ReadAction","target":["https:\/\/skirentsestriere.com\/fr\/prodotto\/ski-freeride\/"]}]},{"@type":"ImageObject","inLanguage":"fr-FR","@id":"https:\/\/skirentsestriere.com\/fr\/prodotto\/ski-freeride\/#primaryimage","url":"https:\/\/skirentsestriere.com\/wp-content\/uploads\/2025\/08\/Sci_freeride.jpg","contentUrl":"https:\/\/skirentsestriere.com\/wp-content\/uploads\/2025\/08\/Sci_freeride.jpg","width":400,"height":400},{"@type":"BreadcrumbList","@id":"https:\/\/skirentsestriere.com\/fr\/prodotto\/ski-freeride\/#breadcrumb","itemListElement":[{"@type":"ListItem","position":1,"name":"Home","item":"https:\/\/skirentsestriere.com\/fr\/"},{"@type":"ListItem","position":2,"name":"Boutique","item":"https:\/\/skirentsestriere.com\/fr\/boutique\/"},{"@type":"ListItem","position":3,"name":"Ski freeride"}]},{"@type":"WebSite","@id":"https:\/\/skirentsestriere.com\/#website","url":"https:\/\/skirentsestriere.com\/","name":"Noleggio sci e snowboard","description":"","publisher":{"@id":"https:\/\/skirentsestriere.com\/#organization"},"potentialAction":[{"@type":"SearchAction","target":{"@type":"EntryPoint","urlTemplate":"https:\/\/skirentsestriere.com\/?s={search_term_string}"},"query-input":{"@type":"PropertyValueSpecification","valueRequired":true,"valueName":"search_term_string"}}],"inLanguage":"fr-FR"},{"@type":"Organization","@id":"https:\/\/skirentsestriere.com\/#organization","name":"Noleggio sci e snowboard","url":"https:\/\/skirentsestriere.com\/","logo":{"@type":"ImageObject","inLanguage":"fr-FR","@id":"https:\/\/skirentsestriere.com\/#\/schema\/logo\/image\/","url":"https:\/\/skirentsestriere.com\/wp-content\/uploads\/2025\/06\/SkiRentLogo.png","contentUrl":"https:\/\/skirentsestriere.com\/wp-content\/uploads\/2025\/06\/SkiRentLogo.png","width":520,"height":151,"caption":"Noleggio sci e snowboard"},"image":{"@id":"https:\/\/skirentsestriere.com\/#\/schema\/logo\/image\/"}}]}},"_links":{"self":[{"href":"https:\/\/skirentsestriere.com\/fr\/wp-json\/wp\/v2\/product\/142","targetHints":{"allow":["GET"]}}],"collection":[{"href":"https:\/\/skirentsestriere.com\/fr\/wp-json\/wp\/v2\/product"}],"about":[{"href":"https:\/\/skirentsestriere.com\/fr\/wp-json\/wp\/v2\/types\/product"}],"replies":[{"embeddable":true,"href":"https:\/\/skirentsestriere.com\/fr\/wp-json\/wp\/v2\/comments?post=142"}],"wp:featuredmedia":[{"embeddable":true,"href":"https:\/\/skirentsestriere.com\/fr\/wp-json\/wp\/v2\/media\/1085"}],"wp:attachment":[{"href":"https:\/\/skirentsestriere.com\/fr\/wp-json\/wp\/v2\/media?parent=142"}],"wp:term":[{"taxonomy":"product_brand","embeddable":true,"href":"https:\/\/skirentsestriere.com\/fr\/wp-json\/wp\/v2\/product_brand?post=142"},{"taxonomy":"product_cat","embeddable":true,"href":"https:\/\/skirentsestriere.com\/fr\/wp-json\/wp\/v2\/product_cat?post=142"},{"taxonomy":"product_tag","embeddable":true,"href":"https:\/\/skirentsestriere.com\/fr\/wp-json\/wp\/v2\/product_tag?post=142"}],"curies":[{"name":"wp","href":"https:\/\/api.w.org\/{rel}","templated":true}]}}