{"id":161,"date":"2025-06-21T06:47:51","date_gmt":"2025-06-21T05:47:51","guid":{"rendered":"https:\/\/skirentsestriere.com\/?post_type=product&#038;p=161"},"modified":"2025-06-26T11:50:18","modified_gmt":"2025-06-26T10:50:18","slug":"raquettes","status":"publish","type":"product","link":"https:\/\/skirentsestriere.com\/fr\/prodotto\/raquettes\/","title":{"rendered":"Raquettes"},"content":{"rendered":"<p>Raquettes \u00e0 neige ou raquettes pour marcher sur la neige. Si vous souhaitez profiter de la montagne en solitaire, les raquettes sont faites pour vous. Marchez longtemps dans les bois et sur les pentes de la montagne, immerg\u00e9s dans le silence et la nature. C&rsquo;est aussi simple que de marcher et le b\u00e9n\u00e9fice que vous en tirerez durera longtemps.<\/p>\n","protected":false},"excerpt":{"rendered":"<p>Si vous voulez profiter de la montagne en solitude, les raquettes \u00e0 neige sont ce qu&rsquo;il vous faut.<\/p>\n","protected":false},"featured_media":1460,"comment_status":"closed","ping_status":"closed","template":"","meta":[],"product_brand":[],"product_cat":[38],"product_tag":[],"class_list":{"0":"post-161","1":"product","2":"type-product","3":"status-publish","4":"has-post-thumbnail","6":"product_cat-accessoires","8":"first","9":"instock","10":"virtual","11":"purchasable","12":"product-type-simple"},"yoast_head":"<!-- This site is optimized with the Yoast SEO plugin v26.6 - https:\/\/yoast.com\/wordpress\/plugins\/seo\/ -->\n<title>Raquettes - Location de ski et de snowboard<\/title>\n<meta name=\"robots\" content=\"index, follow, max-snippet:-1, max-image-preview:large, max-video-preview:-1\" \/>\n<link rel=\"canonical\" href=\"https:\/\/skirentsestriere.com\/fr\/prodotto\/raquettes\/\" \/>\n<meta property=\"og:locale\" content=\"fr_FR\" \/>\n<meta property=\"og:type\" content=\"article\" \/>\n<meta property=\"og:title\" content=\"Raquettes - Location de ski et de snowboard\" \/>\n<meta property=\"og:description\" content=\"Si vous voulez profiter de la montagne en solitude, les raquettes \u00e0 neige sont ce qu&#039;il vous faut.\" \/>\n<meta property=\"og:url\" content=\"https:\/\/skirentsestriere.com\/fr\/prodotto\/raquettes\/\" \/>\n<meta property=\"og:site_name\" content=\"Location de ski et de snowboard\" \/>\n<meta property=\"article:modified_time\" content=\"2025-06-26T10:50:18+00:00\" \/>\n<meta property=\"og:image\" content=\"https:\/\/skirentsestriere.com\/wp-content\/uploads\/2025\/08\/Snowshoe.jpg\" \/>\n\t<meta property=\"og:image:width\" content=\"400\" \/>\n\t<meta property=\"og:image:height\" content=\"400\" \/>\n\t<meta property=\"og:image:type\" content=\"image\/jpeg\" \/>\n<meta name=\"twitter:card\" content=\"summary_large_image\" \/>\n<script type=\"application\/ld+json\" class=\"yoast-schema-graph\">{\"@context\":\"https:\/\/schema.org\",\"@graph\":[{\"@type\":\"WebPage\",\"@id\":\"https:\/\/skirentsestriere.com\/fr\/prodotto\/raquettes\/\",\"url\":\"https:\/\/skirentsestriere.com\/fr\/prodotto\/raquettes\/\",\"name\":\"Raquettes - Location de ski et de snowboard\",\"isPartOf\":{\"@id\":\"https:\/\/skirentsestriere.com\/#website\"},\"primaryImageOfPage\":{\"@id\":\"https:\/\/skirentsestriere.com\/fr\/prodotto\/raquettes\/#primaryimage\"},\"image\":{\"@id\":\"https:\/\/skirentsestriere.com\/fr\/prodotto\/raquettes\/#primaryimage\"},\"thumbnailUrl\":\"https:\/\/skirentsestriere.com\/wp-content\/uploads\/2025\/08\/Snowshoe.jpg\",\"datePublished\":\"2025-06-21T05:47:51+00:00\",\"dateModified\":\"2025-06-26T10:50:18+00:00\",\"breadcrumb\":{\"@id\":\"https:\/\/skirentsestriere.com\/fr\/prodotto\/raquettes\/#breadcrumb\"},\"inLanguage\":\"fr-FR\",\"potentialAction\":[{\"@type\":\"ReadAction\",\"target\":[\"https:\/\/skirentsestriere.com\/fr\/prodotto\/raquettes\/\"]}]},{\"@type\":\"ImageObject\",\"inLanguage\":\"fr-FR\",\"@id\":\"https:\/\/skirentsestriere.com\/fr\/prodotto\/raquettes\/#primaryimage\",\"url\":\"https:\/\/skirentsestriere.com\/wp-content\/uploads\/2025\/08\/Snowshoe.jpg\",\"contentUrl\":\"https:\/\/skirentsestriere.com\/wp-content\/uploads\/2025\/08\/Snowshoe.jpg\",\"width\":400,\"height\":400},{\"@type\":\"BreadcrumbList\",\"@id\":\"https:\/\/skirentsestriere.com\/fr\/prodotto\/raquettes\/#breadcrumb\",\"itemListElement\":[{\"@type\":\"ListItem\",\"position\":1,\"name\":\"Home\",\"item\":\"https:\/\/skirentsestriere.com\/fr\/\"},{\"@type\":\"ListItem\",\"position\":2,\"name\":\"Boutique\",\"item\":\"https:\/\/skirentsestriere.com\/fr\/boutique\/\"},{\"@type\":\"ListItem\",\"position\":3,\"name\":\"Raquettes\"}]},{\"@type\":\"WebSite\",\"@id\":\"https:\/\/skirentsestriere.com\/#website\",\"url\":\"https:\/\/skirentsestriere.com\/\",\"name\":\"Noleggio sci e snowboard\",\"description\":\"\",\"publisher\":{\"@id\":\"https:\/\/skirentsestriere.com\/#organization\"},\"potentialAction\":[{\"@type\":\"SearchAction\",\"target\":{\"@type\":\"EntryPoint\",\"urlTemplate\":\"https:\/\/skirentsestriere.com\/?s={search_term_string}\"},\"query-input\":{\"@type\":\"PropertyValueSpecification\",\"valueRequired\":true,\"valueName\":\"search_term_string\"}}],\"inLanguage\":\"fr-FR\"},{\"@type\":\"Organization\",\"@id\":\"https:\/\/skirentsestriere.com\/#organization\",\"name\":\"Noleggio sci e snowboard\",\"url\":\"https:\/\/skirentsestriere.com\/\",\"logo\":{\"@type\":\"ImageObject\",\"inLanguage\":\"fr-FR\",\"@id\":\"https:\/\/skirentsestriere.com\/#\/schema\/logo\/image\/\",\"url\":\"https:\/\/skirentsestriere.com\/wp-content\/uploads\/2025\/06\/SkiRentLogo.png\",\"contentUrl\":\"https:\/\/skirentsestriere.com\/wp-content\/uploads\/2025\/06\/SkiRentLogo.png\",\"width\":520,\"height\":151,\"caption\":\"Noleggio sci e snowboard\"},\"image\":{\"@id\":\"https:\/\/skirentsestriere.com\/#\/schema\/logo\/image\/\"}}]}<\/script>\n<!-- \/ Yoast SEO plugin. -->","yoast_head_json":{"title":"Raquettes - Location de ski et de snowboard","robots":{"index":"index","follow":"follow","max-snippet":"max-snippet:-1","max-image-preview":"max-image-preview:large","max-video-preview":"max-video-preview:-1"},"canonical":"https:\/\/skirentsestriere.com\/fr\/prodotto\/raquettes\/","og_locale":"fr_FR","og_type":"article","og_title":"Raquettes - Location de ski et de snowboard","og_description":"Si vous voulez profiter de la montagne en solitude, les raquettes \u00e0 neige sont ce qu'il vous faut.","og_url":"https:\/\/skirentsestriere.com\/fr\/prodotto\/raquettes\/","og_site_name":"Location de ski et de snowboard","article_modified_time":"2025-06-26T10:50:18+00:00","og_image":[{"width":400,"height":400,"url":"https:\/\/skirentsestriere.com\/wp-content\/uploads\/2025\/08\/Snowshoe.jpg","type":"image\/jpeg"}],"twitter_card":"summary_large_image","schema":{"@context":"https:\/\/schema.org","@graph":[{"@type":"WebPage","@id":"https:\/\/skirentsestriere.com\/fr\/prodotto\/raquettes\/","url":"https:\/\/skirentsestriere.com\/fr\/prodotto\/raquettes\/","name":"Raquettes - Location de ski et de snowboard","isPartOf":{"@id":"https:\/\/skirentsestriere.com\/#website"},"primaryImageOfPage":{"@id":"https:\/\/skirentsestriere.com\/fr\/prodotto\/raquettes\/#primaryimage"},"image":{"@id":"https:\/\/skirentsestriere.com\/fr\/prodotto\/raquettes\/#primaryimage"},"thumbnailUrl":"https:\/\/skirentsestriere.com\/wp-content\/uploads\/2025\/08\/Snowshoe.jpg","datePublished":"2025-06-21T05:47:51+00:00","dateModified":"2025-06-26T10:50:18+00:00","breadcrumb":{"@id":"https:\/\/skirentsestriere.com\/fr\/prodotto\/raquettes\/#breadcrumb"},"inLanguage":"fr-FR","potentialAction":[{"@type":"ReadAction","target":["https:\/\/skirentsestriere.com\/fr\/prodotto\/raquettes\/"]}]},{"@type":"ImageObject","inLanguage":"fr-FR","@id":"https:\/\/skirentsestriere.com\/fr\/prodotto\/raquettes\/#primaryimage","url":"https:\/\/skirentsestriere.com\/wp-content\/uploads\/2025\/08\/Snowshoe.jpg","contentUrl":"https:\/\/skirentsestriere.com\/wp-content\/uploads\/2025\/08\/Snowshoe.jpg","width":400,"height":400},{"@type":"BreadcrumbList","@id":"https:\/\/skirentsestriere.com\/fr\/prodotto\/raquettes\/#breadcrumb","itemListElement":[{"@type":"ListItem","position":1,"name":"Home","item":"https:\/\/skirentsestriere.com\/fr\/"},{"@type":"ListItem","position":2,"name":"Boutique","item":"https:\/\/skirentsestriere.com\/fr\/boutique\/"},{"@type":"ListItem","position":3,"name":"Raquettes"}]},{"@type":"WebSite","@id":"https:\/\/skirentsestriere.com\/#website","url":"https:\/\/skirentsestriere.com\/","name":"Noleggio sci e snowboard","description":"","publisher":{"@id":"https:\/\/skirentsestriere.com\/#organization"},"potentialAction":[{"@type":"SearchAction","target":{"@type":"EntryPoint","urlTemplate":"https:\/\/skirentsestriere.com\/?s={search_term_string}"},"query-input":{"@type":"PropertyValueSpecification","valueRequired":true,"valueName":"search_term_string"}}],"inLanguage":"fr-FR"},{"@type":"Organization","@id":"https:\/\/skirentsestriere.com\/#organization","name":"Noleggio sci e snowboard","url":"https:\/\/skirentsestriere.com\/","logo":{"@type":"ImageObject","inLanguage":"fr-FR","@id":"https:\/\/skirentsestriere.com\/#\/schema\/logo\/image\/","url":"https:\/\/skirentsestriere.com\/wp-content\/uploads\/2025\/06\/SkiRentLogo.png","contentUrl":"https:\/\/skirentsestriere.com\/wp-content\/uploads\/2025\/06\/SkiRentLogo.png","width":520,"height":151,"caption":"Noleggio sci e snowboard"},"image":{"@id":"https:\/\/skirentsestriere.com\/#\/schema\/logo\/image\/"}}]}},"_links":{"self":[{"href":"https:\/\/skirentsestriere.com\/fr\/wp-json\/wp\/v2\/product\/161","targetHints":{"allow":["GET"]}}],"collection":[{"href":"https:\/\/skirentsestriere.com\/fr\/wp-json\/wp\/v2\/product"}],"about":[{"href":"https:\/\/skirentsestriere.com\/fr\/wp-json\/wp\/v2\/types\/product"}],"replies":[{"embeddable":true,"href":"https:\/\/skirentsestriere.com\/fr\/wp-json\/wp\/v2\/comments?post=161"}],"wp:featuredmedia":[{"embeddable":true,"href":"https:\/\/skirentsestriere.com\/fr\/wp-json\/wp\/v2\/media\/1460"}],"wp:attachment":[{"href":"https:\/\/skirentsestriere.com\/fr\/wp-json\/wp\/v2\/media?parent=161"}],"wp:term":[{"taxonomy":"product_brand","embeddable":true,"href":"https:\/\/skirentsestriere.com\/fr\/wp-json\/wp\/v2\/product_brand?post=161"},{"taxonomy":"product_cat","embeddable":true,"href":"https:\/\/skirentsestriere.com\/fr\/wp-json\/wp\/v2\/product_cat?post=161"},{"taxonomy":"product_tag","embeddable":true,"href":"https:\/\/skirentsestriere.com\/fr\/wp-json\/wp\/v2\/product_tag?post=161"}],"curies":[{"name":"wp","href":"https:\/\/api.w.org\/{rel}","templated":true}]}}