{"id":1665,"date":"2025-09-30T13:41:09","date_gmt":"2025-09-30T12:41:09","guid":{"rendered":"https:\/\/skirentsestriere.com\/?post_type=product&#038;p=1665"},"modified":"2025-12-22T11:52:29","modified_gmt":"2025-12-22T10:52:29","slug":"option-flex","status":"publish","type":"product","link":"https:\/\/skirentsestriere.com\/fr\/prodotto\/option-flex\/","title":{"rendered":"Option Flex"},"content":{"rendered":"<p>Activez l\u2019option FLEX pour essayer un autre \u00e9quipement pendant votre p\u00e9riode de location. Testez un snowboard si vous avez r\u00e9serv\u00e9 des skis \u2014 ou inversement!  L\u2019option FLEX donne droit \u00e0 un seul changement de mat\u00e9riel pour toute la dur\u00e9e de la location. Le changement est personnel, non renouvelable et utilisable uniquement par le titulaire de la r\u00e9servation.<\/p>\n","protected":false},"excerpt":{"rendered":"<p>Option FLEX \u2014 changez d\u2019\u00e9quipement \u00e0 tout moment : testez un snowboard si vous avez r\u00e9serv\u00e9 des skis, ou l\u2019inverse!  L\u2019option FLEX donne droit \u00e0 un seul changement de mat\u00e9riel pour toute la dur\u00e9e de la location. Le changement est personnel, non renouvelable et utilisable uniquement par le titulaire de la r\u00e9servation.<\/p>\n","protected":false},"featured_media":1662,"comment_status":"closed","ping_status":"closed","template":"","meta":[],"product_brand":[],"product_cat":[33,46],"product_tag":[],"class_list":{"0":"post-1665","1":"product","2":"type-product","3":"status-publish","4":"has-post-thumbnail","6":"product_cat-ski-fr","7":"product_cat-snowboard-fr","9":"first","10":"instock","11":"shipping-taxable","12":"purchasable","13":"product-type-simple"},"yoast_head":"<!-- This site is optimized with the Yoast SEO plugin v27.4 - https:\/\/yoast.com\/product\/yoast-seo-wordpress\/ -->\n<title>Option Flex - Location de ski et de snowboard<\/title>\n<meta name=\"robots\" content=\"index, follow, max-snippet:-1, max-image-preview:large, max-video-preview:-1\" \/>\n<link rel=\"canonical\" href=\"https:\/\/skirentsestriere.com\/fr\/prodotto\/option-flex\/\" \/>\n<meta property=\"og:locale\" content=\"fr_FR\" \/>\n<meta property=\"og:type\" content=\"article\" \/>\n<meta property=\"og:title\" content=\"Option Flex - Location de ski et de snowboard\" \/>\n<meta property=\"og:description\" content=\"Option FLEX \u2014 changez d\u2019\u00e9quipement \u00e0 tout moment : testez un snowboard si vous avez r\u00e9serv\u00e9 des skis, ou l\u2019inverse! L\u2019option FLEX donne droit \u00e0 un seul changement de mat\u00e9riel pour toute la dur\u00e9e de la location. Le changement est personnel, non renouvelable et utilisable uniquement par le titulaire de la r\u00e9servation.\" \/>\n<meta property=\"og:url\" content=\"https:\/\/skirentsestriere.com\/fr\/prodotto\/option-flex\/\" \/>\n<meta property=\"og:site_name\" content=\"Location de ski et de snowboard\" \/>\n<meta property=\"article:modified_time\" content=\"2025-12-22T10:52:29+00:00\" \/>\n<meta property=\"og:image\" content=\"https:\/\/skirentsestriere.com\/wp-content\/uploads\/2025\/09\/Flex-oprion.jpg\" \/>\n\t<meta property=\"og:image:width\" content=\"800\" \/>\n\t<meta property=\"og:image:height\" content=\"800\" \/>\n\t<meta property=\"og:image:type\" content=\"image\/jpeg\" \/>\n<meta name=\"twitter:card\" content=\"summary_large_image\" \/>\n<meta name=\"twitter:label1\" content=\"Dur\u00e9e de lecture estim\u00e9e\" \/>\n\t<meta name=\"twitter:data1\" content=\"1 minute\" \/>\n<script type=\"application\/ld+json\" class=\"yoast-schema-graph\">{\"@context\":\"https:\\\/\\\/schema.org\",\"@graph\":[{\"@type\":\"WebPage\",\"@id\":\"https:\\\/\\\/skirentsestriere.com\\\/fr\\\/prodotto\\\/option-flex\\\/\",\"url\":\"https:\\\/\\\/skirentsestriere.com\\\/fr\\\/prodotto\\\/option-flex\\\/\",\"name\":\"Option Flex - Location de ski et de snowboard\",\"isPartOf\":{\"@id\":\"https:\\\/\\\/skirentsestriere.com\\\/#website\"},\"primaryImageOfPage\":{\"@id\":\"https:\\\/\\\/skirentsestriere.com\\\/fr\\\/prodotto\\\/option-flex\\\/#primaryimage\"},\"image\":{\"@id\":\"https:\\\/\\\/skirentsestriere.com\\\/fr\\\/prodotto\\\/option-flex\\\/#primaryimage\"},\"thumbnailUrl\":\"https:\\\/\\\/skirentsestriere.com\\\/wp-content\\\/uploads\\\/2025\\\/09\\\/Flex-oprion.jpg\",\"datePublished\":\"2025-09-30T12:41:09+00:00\",\"dateModified\":\"2025-12-22T10:52:29+00:00\",\"breadcrumb\":{\"@id\":\"https:\\\/\\\/skirentsestriere.com\\\/fr\\\/prodotto\\\/option-flex\\\/#breadcrumb\"},\"inLanguage\":\"fr-FR\",\"potentialAction\":[{\"@type\":\"ReadAction\",\"target\":[\"https:\\\/\\\/skirentsestriere.com\\\/fr\\\/prodotto\\\/option-flex\\\/\"]}]},{\"@type\":\"ImageObject\",\"inLanguage\":\"fr-FR\",\"@id\":\"https:\\\/\\\/skirentsestriere.com\\\/fr\\\/prodotto\\\/option-flex\\\/#primaryimage\",\"url\":\"https:\\\/\\\/skirentsestriere.com\\\/wp-content\\\/uploads\\\/2025\\\/09\\\/Flex-oprion.jpg\",\"contentUrl\":\"https:\\\/\\\/skirentsestriere.com\\\/wp-content\\\/uploads\\\/2025\\\/09\\\/Flex-oprion.jpg\",\"width\":800,\"height\":800},{\"@type\":\"BreadcrumbList\",\"@id\":\"https:\\\/\\\/skirentsestriere.com\\\/fr\\\/prodotto\\\/option-flex\\\/#breadcrumb\",\"itemListElement\":[{\"@type\":\"ListItem\",\"position\":1,\"name\":\"Home\",\"item\":\"https:\\\/\\\/skirentsestriere.com\\\/fr\\\/\"},{\"@type\":\"ListItem\",\"position\":2,\"name\":\"Boutique\",\"item\":\"https:\\\/\\\/skirentsestriere.com\\\/fr\\\/boutique\\\/\"},{\"@type\":\"ListItem\",\"position\":3,\"name\":\"Option Flex\"}]},{\"@type\":\"WebSite\",\"@id\":\"https:\\\/\\\/skirentsestriere.com\\\/#website\",\"url\":\"https:\\\/\\\/skirentsestriere.com\\\/\",\"name\":\"Noleggio sci e snowboard\",\"description\":\"\",\"publisher\":{\"@id\":\"https:\\\/\\\/skirentsestriere.com\\\/#organization\"},\"potentialAction\":[{\"@type\":\"SearchAction\",\"target\":{\"@type\":\"EntryPoint\",\"urlTemplate\":\"https:\\\/\\\/skirentsestriere.com\\\/?s={search_term_string}\"},\"query-input\":{\"@type\":\"PropertyValueSpecification\",\"valueRequired\":true,\"valueName\":\"search_term_string\"}}],\"inLanguage\":\"fr-FR\"},{\"@type\":\"Organization\",\"@id\":\"https:\\\/\\\/skirentsestriere.com\\\/#organization\",\"name\":\"Noleggio sci e snowboard\",\"url\":\"https:\\\/\\\/skirentsestriere.com\\\/\",\"logo\":{\"@type\":\"ImageObject\",\"inLanguage\":\"fr-FR\",\"@id\":\"https:\\\/\\\/skirentsestriere.com\\\/#\\\/schema\\\/logo\\\/image\\\/\",\"url\":\"https:\\\/\\\/skirentsestriere.com\\\/wp-content\\\/uploads\\\/2025\\\/06\\\/SkiRentLogo.png\",\"contentUrl\":\"https:\\\/\\\/skirentsestriere.com\\\/wp-content\\\/uploads\\\/2025\\\/06\\\/SkiRentLogo.png\",\"width\":520,\"height\":151,\"caption\":\"Noleggio sci e snowboard\"},\"image\":{\"@id\":\"https:\\\/\\\/skirentsestriere.com\\\/#\\\/schema\\\/logo\\\/image\\\/\"}}]}<\/script>\n<!-- \/ Yoast SEO plugin. -->","yoast_head_json":{"title":"Option Flex - Location de ski et de snowboard","robots":{"index":"index","follow":"follow","max-snippet":"max-snippet:-1","max-image-preview":"max-image-preview:large","max-video-preview":"max-video-preview:-1"},"canonical":"https:\/\/skirentsestriere.com\/fr\/prodotto\/option-flex\/","og_locale":"fr_FR","og_type":"article","og_title":"Option Flex - Location de ski et de snowboard","og_description":"Option FLEX \u2014 changez d\u2019\u00e9quipement \u00e0 tout moment : testez un snowboard si vous avez r\u00e9serv\u00e9 des skis, ou l\u2019inverse! L\u2019option FLEX donne droit \u00e0 un seul changement de mat\u00e9riel pour toute la dur\u00e9e de la location. Le changement est personnel, non renouvelable et utilisable uniquement par le titulaire de la r\u00e9servation.","og_url":"https:\/\/skirentsestriere.com\/fr\/prodotto\/option-flex\/","og_site_name":"Location de ski et de snowboard","article_modified_time":"2025-12-22T10:52:29+00:00","og_image":[{"width":800,"height":800,"url":"https:\/\/skirentsestriere.com\/wp-content\/uploads\/2025\/09\/Flex-oprion.jpg","type":"image\/jpeg"}],"twitter_card":"summary_large_image","twitter_misc":{"Dur\u00e9e de lecture estim\u00e9e":"1 minute"},"schema":{"@context":"https:\/\/schema.org","@graph":[{"@type":"WebPage","@id":"https:\/\/skirentsestriere.com\/fr\/prodotto\/option-flex\/","url":"https:\/\/skirentsestriere.com\/fr\/prodotto\/option-flex\/","name":"Option Flex - Location de ski et de snowboard","isPartOf":{"@id":"https:\/\/skirentsestriere.com\/#website"},"primaryImageOfPage":{"@id":"https:\/\/skirentsestriere.com\/fr\/prodotto\/option-flex\/#primaryimage"},"image":{"@id":"https:\/\/skirentsestriere.com\/fr\/prodotto\/option-flex\/#primaryimage"},"thumbnailUrl":"https:\/\/skirentsestriere.com\/wp-content\/uploads\/2025\/09\/Flex-oprion.jpg","datePublished":"2025-09-30T12:41:09+00:00","dateModified":"2025-12-22T10:52:29+00:00","breadcrumb":{"@id":"https:\/\/skirentsestriere.com\/fr\/prodotto\/option-flex\/#breadcrumb"},"inLanguage":"fr-FR","potentialAction":[{"@type":"ReadAction","target":["https:\/\/skirentsestriere.com\/fr\/prodotto\/option-flex\/"]}]},{"@type":"ImageObject","inLanguage":"fr-FR","@id":"https:\/\/skirentsestriere.com\/fr\/prodotto\/option-flex\/#primaryimage","url":"https:\/\/skirentsestriere.com\/wp-content\/uploads\/2025\/09\/Flex-oprion.jpg","contentUrl":"https:\/\/skirentsestriere.com\/wp-content\/uploads\/2025\/09\/Flex-oprion.jpg","width":800,"height":800},{"@type":"BreadcrumbList","@id":"https:\/\/skirentsestriere.com\/fr\/prodotto\/option-flex\/#breadcrumb","itemListElement":[{"@type":"ListItem","position":1,"name":"Home","item":"https:\/\/skirentsestriere.com\/fr\/"},{"@type":"ListItem","position":2,"name":"Boutique","item":"https:\/\/skirentsestriere.com\/fr\/boutique\/"},{"@type":"ListItem","position":3,"name":"Option Flex"}]},{"@type":"WebSite","@id":"https:\/\/skirentsestriere.com\/#website","url":"https:\/\/skirentsestriere.com\/","name":"Noleggio sci e snowboard","description":"","publisher":{"@id":"https:\/\/skirentsestriere.com\/#organization"},"potentialAction":[{"@type":"SearchAction","target":{"@type":"EntryPoint","urlTemplate":"https:\/\/skirentsestriere.com\/?s={search_term_string}"},"query-input":{"@type":"PropertyValueSpecification","valueRequired":true,"valueName":"search_term_string"}}],"inLanguage":"fr-FR"},{"@type":"Organization","@id":"https:\/\/skirentsestriere.com\/#organization","name":"Noleggio sci e snowboard","url":"https:\/\/skirentsestriere.com\/","logo":{"@type":"ImageObject","inLanguage":"fr-FR","@id":"https:\/\/skirentsestriere.com\/#\/schema\/logo\/image\/","url":"https:\/\/skirentsestriere.com\/wp-content\/uploads\/2025\/06\/SkiRentLogo.png","contentUrl":"https:\/\/skirentsestriere.com\/wp-content\/uploads\/2025\/06\/SkiRentLogo.png","width":520,"height":151,"caption":"Noleggio sci e snowboard"},"image":{"@id":"https:\/\/skirentsestriere.com\/#\/schema\/logo\/image\/"}}]}},"_links":{"self":[{"href":"https:\/\/skirentsestriere.com\/fr\/wp-json\/wp\/v2\/product\/1665","targetHints":{"allow":["GET"]}}],"collection":[{"href":"https:\/\/skirentsestriere.com\/fr\/wp-json\/wp\/v2\/product"}],"about":[{"href":"https:\/\/skirentsestriere.com\/fr\/wp-json\/wp\/v2\/types\/product"}],"replies":[{"embeddable":true,"href":"https:\/\/skirentsestriere.com\/fr\/wp-json\/wp\/v2\/comments?post=1665"}],"wp:featuredmedia":[{"embeddable":true,"href":"https:\/\/skirentsestriere.com\/fr\/wp-json\/wp\/v2\/media\/1662"}],"wp:attachment":[{"href":"https:\/\/skirentsestriere.com\/fr\/wp-json\/wp\/v2\/media?parent=1665"}],"wp:term":[{"taxonomy":"product_brand","embeddable":true,"href":"https:\/\/skirentsestriere.com\/fr\/wp-json\/wp\/v2\/product_brand?post=1665"},{"taxonomy":"product_cat","embeddable":true,"href":"https:\/\/skirentsestriere.com\/fr\/wp-json\/wp\/v2\/product_cat?post=1665"},{"taxonomy":"product_tag","embeddable":true,"href":"https:\/\/skirentsestriere.com\/fr\/wp-json\/wp\/v2\/product_tag?post=1665"}],"curies":[{"name":"wp","href":"https:\/\/api.w.org\/{rel}","templated":true}]}}