{"id":168,"date":"2025-06-24T09:29:26","date_gmt":"2025-06-24T08:29:26","guid":{"rendered":"https:\/\/skirentsestriere.com\/?post_type=product&#038;p=168"},"modified":"2025-09-30T09:47:20","modified_gmt":"2025-09-30T08:47:20","slug":"placard-chauffe","status":"publish","type":"product","link":"https:\/\/skirentsestriere.com\/fr\/prodotto\/placard-chauffe\/","title":{"rendered":"Placard chauff\u00e9"},"content":{"rendered":"<p>En laissant votre mat\u00e9riel dans <strong>nos armoires<\/strong>, \u00e0 quelques pas des remont\u00e9es m\u00e9caniques, cela vous permettra d\u2019en profiter au max de vos vacances, en commen\u00e7ant la journ\u00e9e avec <strong>des chaussures de ski chauff\u00e9es et s\u00e8ches<\/strong>.<\/p>\n<p>Pour avoir une armoire chauff\u00e9e, contactez-nous <span class=\"btn\" style=\"margin-left: 2rem;\"><a href=\"https:\/\/skirentsestriere.com\/fr\/contacts\/\">CONTACTEZ-NOUS<\/a><\/span>\u00a0\u00a0\u00a0 MERCI!<\/p>\n","protected":false},"excerpt":{"rendered":"<p>O\u00f9 vous pouvez laisser le mat\u00e9riel de ski ou de snowboard pour une seule personne (une paire de skis, une paire de chaussures et un casque).<br \/>\nPour avoir une armoire chauff\u00e9e, contactez-nous <span class=\"btn\" style=\"margin-left: 2rem;\"><a href=\"https:\/\/skirentsestriere.com\/fr\/contacts\/\">CONTACTEZ-NOUS<\/a><\/span>\u00a0\u00a0\u00a0 MERCI!<\/p>\n","protected":false},"featured_media":1457,"comment_status":"closed","ping_status":"closed","template":"","meta":[],"product_brand":[],"product_cat":[53],"product_tag":[],"class_list":{"0":"post-168","1":"product","2":"type-product","3":"status-publish","4":"has-post-thumbnail","6":"product_cat-depot","8":"first","9":"instock","10":"virtual","11":"product-type-simple"},"yoast_head":"<!-- This site is optimized with the Yoast SEO plugin v26.6 - https:\/\/yoast.com\/wordpress\/plugins\/seo\/ -->\n<title>Placard chauff\u00e9 - Location de ski et de snowboard<\/title>\n<meta name=\"robots\" content=\"index, follow, max-snippet:-1, max-image-preview:large, max-video-preview:-1\" \/>\n<link rel=\"canonical\" href=\"https:\/\/skirentsestriere.com\/fr\/prodotto\/placard-chauffe\/\" \/>\n<meta property=\"og:locale\" content=\"fr_FR\" \/>\n<meta property=\"og:type\" content=\"article\" \/>\n<meta property=\"og:title\" content=\"Placard chauff\u00e9 - Location de ski et de snowboard\" \/>\n<meta property=\"og:description\" content=\"O\u00f9 vous pouvez laisser le mat\u00e9riel de ski ou de snowboard pour une seule personne (une paire de skis, une paire de chaussures et un casque). Pour avoir une armoire chauff\u00e9e, contactez-nous CONTACTEZ-NOUS\u00a0\u00a0\u00a0 MERCI!\" \/>\n<meta property=\"og:url\" content=\"https:\/\/skirentsestriere.com\/fr\/prodotto\/placard-chauffe\/\" \/>\n<meta property=\"og:site_name\" content=\"Location de ski et de snowboard\" \/>\n<meta property=\"article:modified_time\" content=\"2025-09-30T08:47:20+00:00\" \/>\n<meta property=\"og:image\" content=\"https:\/\/skirentsestriere.com\/wp-content\/uploads\/2025\/08\/Posto_armadio_riscaldato-1.jpg\" \/>\n\t<meta property=\"og:image:width\" content=\"400\" \/>\n\t<meta property=\"og:image:height\" content=\"400\" \/>\n\t<meta property=\"og:image:type\" content=\"image\/jpeg\" \/>\n<meta name=\"twitter:card\" content=\"summary_large_image\" \/>\n<script type=\"application\/ld+json\" class=\"yoast-schema-graph\">{\"@context\":\"https:\/\/schema.org\",\"@graph\":[{\"@type\":\"WebPage\",\"@id\":\"https:\/\/skirentsestriere.com\/fr\/prodotto\/placard-chauffe\/\",\"url\":\"https:\/\/skirentsestriere.com\/fr\/prodotto\/placard-chauffe\/\",\"name\":\"Placard chauff\u00e9 - Location de ski et de snowboard\",\"isPartOf\":{\"@id\":\"https:\/\/skirentsestriere.com\/#website\"},\"primaryImageOfPage\":{\"@id\":\"https:\/\/skirentsestriere.com\/fr\/prodotto\/placard-chauffe\/#primaryimage\"},\"image\":{\"@id\":\"https:\/\/skirentsestriere.com\/fr\/prodotto\/placard-chauffe\/#primaryimage\"},\"thumbnailUrl\":\"https:\/\/skirentsestriere.com\/wp-content\/uploads\/2025\/08\/Posto_armadio_riscaldato-1.jpg\",\"datePublished\":\"2025-06-24T08:29:26+00:00\",\"dateModified\":\"2025-09-30T08:47:20+00:00\",\"breadcrumb\":{\"@id\":\"https:\/\/skirentsestriere.com\/fr\/prodotto\/placard-chauffe\/#breadcrumb\"},\"inLanguage\":\"fr-FR\",\"potentialAction\":[{\"@type\":\"ReadAction\",\"target\":[\"https:\/\/skirentsestriere.com\/fr\/prodotto\/placard-chauffe\/\"]}]},{\"@type\":\"ImageObject\",\"inLanguage\":\"fr-FR\",\"@id\":\"https:\/\/skirentsestriere.com\/fr\/prodotto\/placard-chauffe\/#primaryimage\",\"url\":\"https:\/\/skirentsestriere.com\/wp-content\/uploads\/2025\/08\/Posto_armadio_riscaldato-1.jpg\",\"contentUrl\":\"https:\/\/skirentsestriere.com\/wp-content\/uploads\/2025\/08\/Posto_armadio_riscaldato-1.jpg\",\"width\":400,\"height\":400},{\"@type\":\"BreadcrumbList\",\"@id\":\"https:\/\/skirentsestriere.com\/fr\/prodotto\/placard-chauffe\/#breadcrumb\",\"itemListElement\":[{\"@type\":\"ListItem\",\"position\":1,\"name\":\"Home\",\"item\":\"https:\/\/skirentsestriere.com\/fr\/\"},{\"@type\":\"ListItem\",\"position\":2,\"name\":\"Boutique\",\"item\":\"https:\/\/skirentsestriere.com\/fr\/boutique\/\"},{\"@type\":\"ListItem\",\"position\":3,\"name\":\"Placard chauff\u00e9\"}]},{\"@type\":\"WebSite\",\"@id\":\"https:\/\/skirentsestriere.com\/#website\",\"url\":\"https:\/\/skirentsestriere.com\/\",\"name\":\"Noleggio sci e snowboard\",\"description\":\"\",\"publisher\":{\"@id\":\"https:\/\/skirentsestriere.com\/#organization\"},\"potentialAction\":[{\"@type\":\"SearchAction\",\"target\":{\"@type\":\"EntryPoint\",\"urlTemplate\":\"https:\/\/skirentsestriere.com\/?s={search_term_string}\"},\"query-input\":{\"@type\":\"PropertyValueSpecification\",\"valueRequired\":true,\"valueName\":\"search_term_string\"}}],\"inLanguage\":\"fr-FR\"},{\"@type\":\"Organization\",\"@id\":\"https:\/\/skirentsestriere.com\/#organization\",\"name\":\"Noleggio sci e snowboard\",\"url\":\"https:\/\/skirentsestriere.com\/\",\"logo\":{\"@type\":\"ImageObject\",\"inLanguage\":\"fr-FR\",\"@id\":\"https:\/\/skirentsestriere.com\/#\/schema\/logo\/image\/\",\"url\":\"https:\/\/skirentsestriere.com\/wp-content\/uploads\/2025\/06\/SkiRentLogo.png\",\"contentUrl\":\"https:\/\/skirentsestriere.com\/wp-content\/uploads\/2025\/06\/SkiRentLogo.png\",\"width\":520,\"height\":151,\"caption\":\"Noleggio sci e snowboard\"},\"image\":{\"@id\":\"https:\/\/skirentsestriere.com\/#\/schema\/logo\/image\/\"}}]}<\/script>\n<!-- \/ Yoast SEO plugin. -->","yoast_head_json":{"title":"Placard chauff\u00e9 - Location de ski et de snowboard","robots":{"index":"index","follow":"follow","max-snippet":"max-snippet:-1","max-image-preview":"max-image-preview:large","max-video-preview":"max-video-preview:-1"},"canonical":"https:\/\/skirentsestriere.com\/fr\/prodotto\/placard-chauffe\/","og_locale":"fr_FR","og_type":"article","og_title":"Placard chauff\u00e9 - Location de ski et de snowboard","og_description":"O\u00f9 vous pouvez laisser le mat\u00e9riel de ski ou de snowboard pour une seule personne (une paire de skis, une paire de chaussures et un casque). Pour avoir une armoire chauff\u00e9e, contactez-nous CONTACTEZ-NOUS\u00a0\u00a0\u00a0 MERCI!","og_url":"https:\/\/skirentsestriere.com\/fr\/prodotto\/placard-chauffe\/","og_site_name":"Location de ski et de snowboard","article_modified_time":"2025-09-30T08:47:20+00:00","og_image":[{"width":400,"height":400,"url":"https:\/\/skirentsestriere.com\/wp-content\/uploads\/2025\/08\/Posto_armadio_riscaldato-1.jpg","type":"image\/jpeg"}],"twitter_card":"summary_large_image","schema":{"@context":"https:\/\/schema.org","@graph":[{"@type":"WebPage","@id":"https:\/\/skirentsestriere.com\/fr\/prodotto\/placard-chauffe\/","url":"https:\/\/skirentsestriere.com\/fr\/prodotto\/placard-chauffe\/","name":"Placard chauff\u00e9 - Location de ski et de snowboard","isPartOf":{"@id":"https:\/\/skirentsestriere.com\/#website"},"primaryImageOfPage":{"@id":"https:\/\/skirentsestriere.com\/fr\/prodotto\/placard-chauffe\/#primaryimage"},"image":{"@id":"https:\/\/skirentsestriere.com\/fr\/prodotto\/placard-chauffe\/#primaryimage"},"thumbnailUrl":"https:\/\/skirentsestriere.com\/wp-content\/uploads\/2025\/08\/Posto_armadio_riscaldato-1.jpg","datePublished":"2025-06-24T08:29:26+00:00","dateModified":"2025-09-30T08:47:20+00:00","breadcrumb":{"@id":"https:\/\/skirentsestriere.com\/fr\/prodotto\/placard-chauffe\/#breadcrumb"},"inLanguage":"fr-FR","potentialAction":[{"@type":"ReadAction","target":["https:\/\/skirentsestriere.com\/fr\/prodotto\/placard-chauffe\/"]}]},{"@type":"ImageObject","inLanguage":"fr-FR","@id":"https:\/\/skirentsestriere.com\/fr\/prodotto\/placard-chauffe\/#primaryimage","url":"https:\/\/skirentsestriere.com\/wp-content\/uploads\/2025\/08\/Posto_armadio_riscaldato-1.jpg","contentUrl":"https:\/\/skirentsestriere.com\/wp-content\/uploads\/2025\/08\/Posto_armadio_riscaldato-1.jpg","width":400,"height":400},{"@type":"BreadcrumbList","@id":"https:\/\/skirentsestriere.com\/fr\/prodotto\/placard-chauffe\/#breadcrumb","itemListElement":[{"@type":"ListItem","position":1,"name":"Home","item":"https:\/\/skirentsestriere.com\/fr\/"},{"@type":"ListItem","position":2,"name":"Boutique","item":"https:\/\/skirentsestriere.com\/fr\/boutique\/"},{"@type":"ListItem","position":3,"name":"Placard chauff\u00e9"}]},{"@type":"WebSite","@id":"https:\/\/skirentsestriere.com\/#website","url":"https:\/\/skirentsestriere.com\/","name":"Noleggio sci e snowboard","description":"","publisher":{"@id":"https:\/\/skirentsestriere.com\/#organization"},"potentialAction":[{"@type":"SearchAction","target":{"@type":"EntryPoint","urlTemplate":"https:\/\/skirentsestriere.com\/?s={search_term_string}"},"query-input":{"@type":"PropertyValueSpecification","valueRequired":true,"valueName":"search_term_string"}}],"inLanguage":"fr-FR"},{"@type":"Organization","@id":"https:\/\/skirentsestriere.com\/#organization","name":"Noleggio sci e snowboard","url":"https:\/\/skirentsestriere.com\/","logo":{"@type":"ImageObject","inLanguage":"fr-FR","@id":"https:\/\/skirentsestriere.com\/#\/schema\/logo\/image\/","url":"https:\/\/skirentsestriere.com\/wp-content\/uploads\/2025\/06\/SkiRentLogo.png","contentUrl":"https:\/\/skirentsestriere.com\/wp-content\/uploads\/2025\/06\/SkiRentLogo.png","width":520,"height":151,"caption":"Noleggio sci e snowboard"},"image":{"@id":"https:\/\/skirentsestriere.com\/#\/schema\/logo\/image\/"}}]}},"_links":{"self":[{"href":"https:\/\/skirentsestriere.com\/fr\/wp-json\/wp\/v2\/product\/168","targetHints":{"allow":["GET"]}}],"collection":[{"href":"https:\/\/skirentsestriere.com\/fr\/wp-json\/wp\/v2\/product"}],"about":[{"href":"https:\/\/skirentsestriere.com\/fr\/wp-json\/wp\/v2\/types\/product"}],"replies":[{"embeddable":true,"href":"https:\/\/skirentsestriere.com\/fr\/wp-json\/wp\/v2\/comments?post=168"}],"wp:featuredmedia":[{"embeddable":true,"href":"https:\/\/skirentsestriere.com\/fr\/wp-json\/wp\/v2\/media\/1457"}],"wp:attachment":[{"href":"https:\/\/skirentsestriere.com\/fr\/wp-json\/wp\/v2\/media?parent=168"}],"wp:term":[{"taxonomy":"product_brand","embeddable":true,"href":"https:\/\/skirentsestriere.com\/fr\/wp-json\/wp\/v2\/product_brand?post=168"},{"taxonomy":"product_cat","embeddable":true,"href":"https:\/\/skirentsestriere.com\/fr\/wp-json\/wp\/v2\/product_cat?post=168"},{"taxonomy":"product_tag","embeddable":true,"href":"https:\/\/skirentsestriere.com\/fr\/wp-json\/wp\/v2\/product_tag?post=168"}],"curies":[{"name":"wp","href":"https:\/\/api.w.org\/{rel}","templated":true}]}}